{"id":930,"date":"2021-04-03T18:17:41","date_gmt":"2021-04-03T18:17:41","guid":{"rendered":"https:\/\/akademie.fnusa.cz\/?page_id=930"},"modified":"2025-06-25T12:41:47","modified_gmt":"2025-06-25T12:41:47","slug":"mgr-marcela-hortova-kohoutkova-ph-d","status":"publish","type":"page","link":"https:\/\/akademie.fnusa.cz\/?page_id=930","title":{"rendered":"Mgr. Marcela Hortov\u00e1-Kohoutkov\u00e1, Ph.D."},"content":{"rendered":"\n<h4><\/h4>\n\n\n\n<p><strong>Mgr. Marcela Hortov\u00e1 Kohoutkov\u00e1, Ph.D.<\/strong>&nbsp;v sou\u010dasnosti pracuje jako vedouc\u00ed v\u00fdzkumn\u00edk v t\u00fdmu <a href=\"https:\/\/www.fnusa-icrc.org\/en\/research\/research-teams\/pre-clinical-research\/cellular-and-molecular-immunoregulation\/\">Bun\u011b\u010dn\u00e9 a molekul\u00e1rn\u00ed imunoregulace<\/a> v Mezin\u00e1rodn\u00edm centru klinick\u00e9ho v\u00fdzkumu<a href=\"https:\/\/www.fnusa-icrc.org\/en\/we-create-the-future-of-medicine\/\"> ICRC FNUSA<\/a> v Brn\u011b. Z\u00edskala magistersk\u00fd titul v oboru Imunologie na Masarykov\u011b univerzit\u011b, kde&nbsp;pokra\u010dovala i v Ph.D. studiu.<\/p>\n\n\n\n<p>Marcela je v\u00fdzkumnice s velk\u00fdmi zku\u0161enostmi v oblasti transla\u010dn\u00ed imunologie a z\u00e1n\u011btu, zejm\u00e9na v biologii vrozen\u00fdch imunitn\u00edch bun\u011bk a jejich roli v&nbsp;sepsi a septick\u00e9mu \u0161oku. Jej\u00ed sou\u010dasn\u00fd v\u00fdzkum se zam\u011b\u0159uje na pochopen\u00ed role imunitn\u00edho syst\u00e9mu v progresi sepse a jej\u00edch dlouhodob\u00fdch n\u00e1sledk\u016f. Spole\u010dn\u011b s Janem Fri\u010dem zalo\u017eila evropsk\u00e9 konsorcium BEATsepsis (<a target=\"_blank\" href=\"http:\/\/www.beatsepsis.eu\/\" rel=\"noreferrer noopener\">www.beatsepsis.eu<\/a>), kter\u00e9 zkoum\u00e1 r\u016fzn\u00e9 aspekty imunitn\u00edho syst\u00e9mu u sepse. Toto konsorcium bylo ned\u00e1vno ocen\u011bno presti\u017en\u00edm v\u00fdzkumn\u00fdm grantem \u2013&nbsp;<em>Horizon Europe, Research and Innovation Action&nbsp;<\/em>(RIA) na \u0159e\u0161en\u00ed dlouhodob\u00fdch n\u00e1sledk\u016f sepse.<\/p>\n\n\n\n<p>Marcela je autorkou 25 v\u011bdeck\u00fdch publikac\u00ed. Byla ocen\u011bna n\u011bkolika cenami za nejlep\u0161\u00ed postery nebo cenami za nejlep\u0161\u00ed abstrakty r\u016fzn\u00fdch konferenc\u00ed. Celkem byla v\u00fdzkumn\u00e1 data z jej\u00edch projekt\u016f prezentov\u00e1na formou 19 pozvan\u00fdch nebo vybran\u00fdch kr\u00e1tk\u00fdch p\u0159edn\u00e1\u0161ek a na 12 posterech na r\u016fzn\u00fdch mezin\u00e1rodn\u00edch konferenc\u00edch.<\/p>\n\n\n\n<figure class=\"wp-container-2 wp-block-gallery-1 wp-block-gallery has-nested-images columns-default is-cropped\">\n<figure class=\"wp-block-image size-large\"><img fetchpriority=\"high\" width=\"2560\" height=\"1703\" data-id=\"2661\"  src=\"https:\/\/akademie.fnusa.cz\/wp-content\/uploads\/2025\/06\/001002-ICRCacad-Seminar-Veda-2023-PRINT-scaled.jpg\" alt=\"\" class=\"wp-image-2661\" srcset=\"https:\/\/akademie.fnusa.cz\/wp-content\/uploads\/2025\/06\/001002-ICRCacad-Seminar-Veda-2023-PRINT-scaled.jpg 2560w, https:\/\/akademie.fnusa.cz\/wp-content\/uploads\/2025\/06\/001002-ICRCacad-Seminar-Veda-2023-PRINT-300x200.jpg 300w, https:\/\/akademie.fnusa.cz\/wp-content\/uploads\/2025\/06\/001002-ICRCacad-Seminar-Veda-2023-PRINT-1024x681.jpg 1024w, https:\/\/akademie.fnusa.cz\/wp-content\/uploads\/2025\/06\/001002-ICRCacad-Seminar-Veda-2023-PRINT-768x511.jpg 768w, https:\/\/akademie.fnusa.cz\/wp-content\/uploads\/2025\/06\/001002-ICRCacad-Seminar-Veda-2023-PRINT-1536x1022.jpg 1536w, https:\/\/akademie.fnusa.cz\/wp-content\/uploads\/2025\/06\/001002-ICRCacad-Seminar-Veda-2023-PRINT-2048x1363.jpg 2048w, https:\/\/akademie.fnusa.cz\/wp-content\/uploads\/2025\/06\/001002-ICRCacad-Seminar-Veda-2023-PRINT-920x612.jpg 920w, https:\/\/akademie.fnusa.cz\/wp-content\/uploads\/2025\/06\/001002-ICRCacad-Seminar-Veda-2023-PRINT-230x153.jpg 230w, https:\/\/akademie.fnusa.cz\/wp-content\/uploads\/2025\/06\/001002-ICRCacad-Seminar-Veda-2023-PRINT-350x233.jpg 350w, https:\/\/akademie.fnusa.cz\/wp-content\/uploads\/2025\/06\/001002-ICRCacad-Seminar-Veda-2023-PRINT-480x319.jpg 480w\" sizes=\"(max-width: 2560px) 100vw, 2560px\" \/><figcaption>Marcela p\u0159i p\u0159edn\u00e1\u0161ce<\/figcaption><\/figure>\n\n\n\n<figure class=\"wp-block-image size-large\"><img width=\"2560\" height=\"1709\" data-id=\"2788\"  src=\"https:\/\/akademie.fnusa.cz\/wp-content\/uploads\/2025\/06\/DSC6801-scaled.jpg\" alt=\"\" class=\"wp-image-2788\" srcset=\"https:\/\/akademie.fnusa.cz\/wp-content\/uploads\/2025\/06\/DSC6801-scaled.jpg 2560w, https:\/\/akademie.fnusa.cz\/wp-content\/uploads\/2025\/06\/DSC6801-300x200.jpg 300w, https:\/\/akademie.fnusa.cz\/wp-content\/uploads\/2025\/06\/DSC6801-1024x684.jpg 1024w, https:\/\/akademie.fnusa.cz\/wp-content\/uploads\/2025\/06\/DSC6801-768x513.jpg 768w, https:\/\/akademie.fnusa.cz\/wp-content\/uploads\/2025\/06\/DSC6801-1536x1025.jpg 1536w, https:\/\/akademie.fnusa.cz\/wp-content\/uploads\/2025\/06\/DSC6801-2048x1367.jpg 2048w, https:\/\/akademie.fnusa.cz\/wp-content\/uploads\/2025\/06\/DSC6801-1200x800.jpg 1200w, https:\/\/akademie.fnusa.cz\/wp-content\/uploads\/2025\/06\/DSC6801-920x614.jpg 920w, https:\/\/akademie.fnusa.cz\/wp-content\/uploads\/2025\/06\/DSC6801-230x154.jpg 230w, https:\/\/akademie.fnusa.cz\/wp-content\/uploads\/2025\/06\/DSC6801-350x234.jpg 350w, https:\/\/akademie.fnusa.cz\/wp-content\/uploads\/2025\/06\/DSC6801-480x320.jpg 480w\" sizes=\"(max-width: 2560px) 100vw, 2560px\" \/><figcaption>Semin\u00e1\u0159 2022<\/figcaption><\/figure>\n<\/figure>\n","protected":false},"excerpt":{"rendered":"<p>Mgr. Marcela Hortov\u00e1 Kohoutkov\u00e1, Ph.D.&nbsp;v sou\u010dasnosti pracuje jako vedouc\u00ed v\u00fdzkumn\u00edk v t\u00fdmu Bun\u011b\u010dn\u00e9 a molekul\u00e1rn\u00ed imunoregulace v Mezin\u00e1rodn\u00edm centru klinick\u00e9ho v\u00fdzkumu ICRC [&hellip;]<\/p>\n","protected":false},"author":8,"featured_media":0,"parent":0,"menu_order":0,"comment_status":"closed","ping_status":"closed","template":"","meta":{"inline_featured_image":false},"_links":{"self":[{"href":"https:\/\/akademie.fnusa.cz\/index.php?rest_route=\/wp\/v2\/pages\/930"}],"collection":[{"href":"https:\/\/akademie.fnusa.cz\/index.php?rest_route=\/wp\/v2\/pages"}],"about":[{"href":"https:\/\/akademie.fnusa.cz\/index.php?rest_route=\/wp\/v2\/types\/page"}],"author":[{"embeddable":true,"href":"https:\/\/akademie.fnusa.cz\/index.php?rest_route=\/wp\/v2\/users\/8"}],"replies":[{"embeddable":true,"href":"https:\/\/akademie.fnusa.cz\/index.php?rest_route=%2Fwp%2Fv2%2Fcomments&post=930"}],"version-history":[{"count":6,"href":"https:\/\/akademie.fnusa.cz\/index.php?rest_route=\/wp\/v2\/pages\/930\/revisions"}],"predecessor-version":[{"id":2789,"href":"https:\/\/akademie.fnusa.cz\/index.php?rest_route=\/wp\/v2\/pages\/930\/revisions\/2789"}],"wp:attachment":[{"href":"https:\/\/akademie.fnusa.cz\/index.php?rest_route=%2Fwp%2Fv2%2Fmedia&parent=930"}],"curies":[{"name":"wp","href":"https:\/\/api.w.org\/{rel}","templated":true}]}}