{"id":785,"date":"2021-02-17T08:27:51","date_gmt":"2021-02-17T08:27:51","guid":{"rendered":"https:\/\/akademie.fnusa.cz\/?page_id=785"},"modified":"2024-02-15T16:07:57","modified_gmt":"2024-02-15T16:07:57","slug":"zpracovani-osobnich-udaju","status":"publish","type":"page","link":"https:\/\/akademie.fnusa.cz\/?page_id=785","title":{"rendered":"Zpracov\u00e1n\u00ed osobn\u00edch \u00fadaj\u016f"},"content":{"rendered":"\n<p>Zasl\u00e1n\u00edm p\u0159ihl\u00e1\u0161ky souhlas\u00edte s t\u00edm, aby Va\u0161e osobn\u00ed \u00fadaje poskytnut\u00e9 v souvislosti s p\u0159ihl\u00e1\u0161en\u00edm se na akci, byly zpracov\u00e1ny Fakultn\u00ed nemocnici u sv. Anny v Brn\u011b, se s\u00eddlem Peka\u0159sk\u00e1 664\/53, 602 00 Brno (st\u00e1tn\u00ed p\u0159\u00edsp\u011bvkov\u00e1 organizace, I\u010c: 00159816) jako\u017eto spr\u00e1vcem osobn\u00edch \u00fadaj\u016f (d\u00e1le jen \u201espr\u00e1vce\u201c) pro \u00fa\u010dely registrace a \u00fa\u010dasti na po\u0159\u00e1dan\u00fdch akc\u00edch, zasl\u00e1n\u00ed informa\u010dn\u00edch materi\u00e1l\u016f souvisej\u00edc\u00edch s \u00fa\u010dast\u00ed na akc\u00edch, informov\u00e1n\u00ed o akc\u00edch na obdobn\u00e1 t\u00e9mata v budoucnu, d\u00e1le pro \u00fa\u010dely evidence, archivace a vykazov\u00e1n\u00ed \u00fa\u010dastn\u00edk\u016f akce p\u0159\u00edpadn\u00e9mu poskytovateli dotace. <\/p>\n\n\n\n<p>Za\u0161krtnut\u00edm pol\u00ed\u010dka souhlas\u00edte, aby Fakultn\u00ed nemocnici u sv. Anny v Brn\u011b po\u0159izovala na po\u0159\u00e1dan\u00fdch akc\u00edch fotografie a audio\/video materi\u00e1ly Va\u0161\u00ed osoby v hmotn\u00e9 \u010di digitalizovan\u00e9 podob\u011b.<br>D\u00e1le souhlas\u00edte s pou\u017eit\u00edm po\u0159\u00edzen\u00fdch fotografi\u00ed a audio\/videoz\u00e1znam\u016f, a to zejm\u00e9na n\u00e1sleduj\u00edc\u00edm zp\u016fsobem: a) Pou\u017eit\u00ed fotografie a audio\/video materi\u00e1l\u016f pro \u00fa\u010dely prezentace Akademie ICRC a CZECRIN Academy na soci\u00e1ln\u00edch s\u00edt\u00edch a webov\u00fdch str\u00e1nk\u00e1ch. b) Spr\u00e1vce je opr\u00e1vn\u011bn poskytnout licen\u010dn\u00ed opr\u00e1vn\u011bn\u00ed k u\u017eit\u00ed fotografi\u00ed a audio\/video materi\u00e1l\u016f t\u0159et\u00edm osob\u00e1m, a to zejm\u00e9na pro \u00fa\u010dely propaga\u010dn\u00ed a redak\u010dn\u00ed.<br>Zpracov\u00e1n\u00ed zahrnuje p\u0159ed\u00e1n\u00ed osobn\u00edch \u00fadaj\u016f jin\u00e9mu spr\u00e1vci\/zpracovateli v r\u00e1mci EU: Instituc\u00edm, kter\u00e9 jsou sou\u010d\u00e1st\u00ed v\u00fdzkumn\u00e9 infrastruktury CZECRIN (Czech Clinical Research Infrastructure Network, Kamenice 5,625 00 Brno)<br>Informace souvisej\u00edc\u00ed se zpracov\u00e1n\u00edm osobn\u00edch \u00fadaj\u016f, v\u010detn\u011b pou\u010den\u00ed o pr\u00e1vech subjektu \u00fadaj\u016f jsou k dispozici na <a href=\"https:\/\/akademie.fnusa.cz\/?page_id=785\">Zpracov\u00e1n\u00ed osobn\u00edch \u00fadaj\u016f \u2013 Akademie ICRC (fnusa.cz)<\/a> a <a href=\"https:\/\/www.fnusa.cz\/politika-ochrany-soukromi-a-ochrana-osobnich-udaju-ve-fnusa\/\">https:\/\/www.fnusa.cz\/politika-ochrany-soukromi-a-ochrana-osobnich-udaju-ve-fnusa\/<\/a><\/p>\n\n\n\n<p>Zpracov\u00e1n\u00ed nezahrnuje p\u0159ed\u00e1n\u00ed osobn\u00edch \u00fadaj\u016f jin\u00e9mu spr\u00e1vci\/zpracovateli ve t\u0159et\u00edch zem\u00edch.<\/p>\n\n\n\n<p>V&nbsp;souvislosti se\nzpracov\u00e1n\u00edm Va\u0161ich osobn\u00edch \u00fadaj\u016f V\u00e1s podle z\u00e1kona \u010d. 110\/2019 Sb., z\u00e1kon o\nzpracov\u00e1n\u00ed osobn\u00edch \u00fadaj\u016f, ve zn\u011bn\u00ed pozd\u011bj\u0161\u00edch p\u0159edpis\u016f, a na\u0159\u00edzen\u00ed Evropsk\u00e9ho\nparlamentu (EU) 2016\/679 ze dne 27. dubna 2016 o ochran\u011b fyzick\u00fdch osob\nv&nbsp;souvislosti se zpracov\u00e1n\u00edm osobn\u00edch \u00fadaj\u016f a o voln\u00e9m pohybu t\u011bchto \u00fadaj\u016f\na o zru\u0161en\u00ed sm\u011brnice 95\/46\/ES (obecn\u00e9 na\u0159\u00edzen\u00ed o ochran\u011b osobn\u00edch \u00fadaj\u016f)\nspr\u00e1vce informuje, \u017ee (i) sv\u016fj souhlas se zpracov\u00e1n\u00edm m\u00fdch osobn\u00edch \u00fadaj\u016f\nm\u016f\u017eete kdykoli zcela nebo z\u010d\u00e1sti odvolat, av\u0161ak s&nbsp;\u00fa\u010dinky pouze do\nbudoucna, p\u0159i\u010dem\u017e odvol\u00e1n\u00ed souhlasu mus\u00ed b\u00fdt u\u010din\u011bno p\u00edsemn\u011b; (ii) po uplynut\u00ed\ndoby zpracov\u00e1n\u00ed V\u00e1m budou na V\u00e1mi uvedenou adresu vr\u00e1ceny dokumenty, pokud si\nje vy\u017e\u00e1d\u00e1te, a pokud ned\u00e1te souhlas k&nbsp;uchov\u00e1n\u00ed sv\u00fdch osobn\u00edch \u00fadaj\u016f na del\u0161\u00ed dobu,\nbudou ve\u0161ker\u00e9 Va\u0161e osobn\u00ed \u00fadaje a dokumenty, kter\u00e9 si nevy\u017e\u00e1d\u00e1te zp\u011bt, \u0159\u00e1dn\u011b\nzlikvidov\u00e1ny a skartov\u00e1ny; (iii) jste opr\u00e1vn\u011bn\/a po\u017e\u00e1dat spr\u00e1vce, aby Va\u0161e\nosobn\u00ed \u00fadaje, kter\u00e9 mu byly z&nbsp;Va\u0161\u00ed strany p\u0159ed\u00e1ny elektronicky a budou\nzpracov\u00e1v\u00e1ny automatizovan\u011b, p\u0159edal jin\u00e9mu spr\u00e1vci; (iv)&nbsp; m\u00e1te pr\u00e1vo na vyd\u00e1n\u00ed potvrzen\u00ed ze strany spr\u00e1vce\no tom, zda jsou \u010di nejsou Va\u0161e osobn\u00ed \u00fadaje zpracov\u00e1v\u00e1ny; toto pr\u00e1vo m\u016f\u017eete\nuplatnit i pot\u00e9, co uplyne doba, na kterou jste poskytl\/a sv\u016fj souhlas se\nzpracov\u00e1v\u00e1n\u00edm sv\u00fdch osobn\u00edch \u00fadaj\u016f; (v) m\u00e1te pr\u00e1vo na p\u0159\u00edstup ke sv\u00fdm osobn\u00edm\n\u00fadaj\u016fm, tj. na Va\u0161\u00ed \u017e\u00e1dost je spr\u00e1vce povinen transparentn\u00edm a srozumiteln\u00fdm\nzp\u016fsobem V\u00e1m poskytnout informace o zpracov\u00e1n\u00ed Va\u0161ich osobn\u00edch \u00fadaj\u016f, a to do 1\nm\u011bs\u00edce pot\u00e9, co obdr\u017e\u00ed Va\u0161\u00ed \u017e\u00e1dost (tuto lh\u016ftu je mo\u017en\u00e9 v&nbsp;p\u0159\u00edpad\u011b pot\u0159eby\na s&nbsp;ohledem na slo\u017eitost a po\u010det \u017e\u00e1dost\u00ed prodlou\u017eit o dal\u0161\u00ed dva m\u011bs\u00edce);\n(vi) pokud by jste zjistil\/a nebo se domn\u00edval\/a, \u017ee Va\u0161e osobn\u00ed \u00fadaje jsou\nzpracov\u00e1v\u00e1ny v&nbsp;rozporu s&nbsp;ochranou Va\u0161eho soukrom\u00e9ho a osobn\u00edho\n\u017eivota, m\u00e1te pr\u00e1vo po\u017eadovat po spr\u00e1vci vysv\u011btlen\u00ed a odstran\u011bn\u00ed takto vznikl\u00e9ho\nstavu; (vii) pokud by vy\u0161lo najevo, \u017ee Va\u0161e osobn\u00ed \u00fadaje jsou zpracov\u00e1v\u00e1ny\nnep\u0159esn\u011b \u010di ne\u00fapln\u011b, m\u00e1te pr\u00e1vo na opravu, p\u0159\u00edpadn\u011b na dopln\u011bn\u00ed ne\u00fapln\u00fdch\nosobn\u00edch \u00fadaj\u016f (a v&nbsp;t\u00e9to souvislosti m\u00e1te pr\u00e1vo \u017e\u00e1dat, aby spr\u00e1vce do\ndoby, ne\u017e p\u0159esnost osobn\u00edch \u00fadaj\u016f ov\u011b\u0159\u00ed, zpracov\u00e1n\u00ed Va\u0161ich osobn\u00edch \u00fadaj\u016f\nomezil); (viii) pokud by vy\u0161lo najevo, \u017ee se Va\u0161e osobn\u00ed \u00fadaje zpracov\u00e1vaj\u00ed pro\n\u00fa\u010dely p\u0159\u00edm\u00e9ho marketingu, a za t\u00edm \u00fa\u010delem jsou podrobeny tzv. profilov\u00e1n\u00ed, m\u00e1te\npr\u00e1vo vzn\u00e9st proti takov\u00e9mu zpracov\u00e1n\u00ed n\u00e1mitku a spr\u00e1vce je povinen takov\u00e9ho\nzpracov\u00e1v\u00e1n\u00ed zanechat a Va\u0161e osobn\u00ed \u00fadaje vymazat; (ix) jste opr\u00e1vn\u011bn\/a nam\u00edsto\nv\u00fdmazu sv\u00fdch osobn\u00edch \u00fadaj\u016f \u017e\u00e1dat jen omezen\u00ed jejich pou\u017eit\u00ed. V p\u0159\u00edpad\u011b, \u017ee se\ndomn\u00edv\u00e1te, \u017ee v souvislosti se zpracov\u00e1n\u00edm Va\u0161ich osobn\u00edch \u00fadaj\u016f do\u0161lo nebo\ndoch\u00e1z\u00ed k poru\u0161en\u00ed obecn\u00e9ho na\u0159\u00edzen\u00ed, m\u00e1te pr\u00e1vo podat st\u00ed\u017enost dozorov\u00e9mu\n\u00fa\u0159adu (\u00da\u0159ad pro ochranu osobn\u00edch \u00fadaj\u016f, Pplk. Sochora 27<br>\n170 00 Praha 7).\nKontakt na pov\u011b\u0159ence pro ochranu osobn\u00edch \u00fadaj\u016f u spr\u00e1vce: <a>Mgr. et Mgr. Zuzana Ondr\u016fjov\u00e1, <\/a><a href=\"mailto:dpo@fnusa.cz\">dpo@fnusa.cz<\/a>.<\/p>\n","protected":false},"excerpt":{"rendered":"<p>Zasl\u00e1n\u00edm p\u0159ihl\u00e1\u0161ky souhlas\u00edte s t\u00edm, aby Va\u0161e osobn\u00ed \u00fadaje poskytnut\u00e9 v souvislosti s p\u0159ihl\u00e1\u0161en\u00edm se na akci, byly zpracov\u00e1ny Fakultn\u00ed nemocnici u [&hellip;]<\/p>\n","protected":false},"author":7,"featured_media":0,"parent":0,"menu_order":0,"comment_status":"closed","ping_status":"closed","template":"","meta":{"inline_featured_image":false},"_links":{"self":[{"href":"https:\/\/akademie.fnusa.cz\/index.php?rest_route=\/wp\/v2\/pages\/785"}],"collection":[{"href":"https:\/\/akademie.fnusa.cz\/index.php?rest_route=\/wp\/v2\/pages"}],"about":[{"href":"https:\/\/akademie.fnusa.cz\/index.php?rest_route=\/wp\/v2\/types\/page"}],"author":[{"embeddable":true,"href":"https:\/\/akademie.fnusa.cz\/index.php?rest_route=\/wp\/v2\/users\/7"}],"replies":[{"embeddable":true,"href":"https:\/\/akademie.fnusa.cz\/index.php?rest_route=%2Fwp%2Fv2%2Fcomments&post=785"}],"version-history":[{"count":4,"href":"https:\/\/akademie.fnusa.cz\/index.php?rest_route=\/wp\/v2\/pages\/785\/revisions"}],"predecessor-version":[{"id":1736,"href":"https:\/\/akademie.fnusa.cz\/index.php?rest_route=\/wp\/v2\/pages\/785\/revisions\/1736"}],"wp:attachment":[{"href":"https:\/\/akademie.fnusa.cz\/index.php?rest_route=%2Fwp%2Fv2%2Fmedia&parent=785"}],"curies":[{"name":"wp","href":"https:\/\/api.w.org\/{rel}","templated":true}]}}