{"id":3199,"date":"2025-10-20T08:31:25","date_gmt":"2025-10-20T08:31:25","guid":{"rendered":"https:\/\/akademie.fnusa.cz\/?page_id=3199"},"modified":"2025-10-20T08:31:25","modified_gmt":"2025-10-20T08:31:25","slug":"mudr-michal-hendrych-ph-d","status":"publish","type":"page","link":"https:\/\/akademie.fnusa.cz\/?page_id=3199","title":{"rendered":"MUDr. Michal Hendrych, Ph.D.\u00a0"},"content":{"rendered":"\n<p>MUDr. Michal Hendrych, Ph.D.\u00a0p\u016fsob\u00ed jako l\u00e9ka\u0159 na I. \u00fastavu patologie Fakultn\u00ed nemocnice u sv. Anny v Brn\u011b a z\u00e1rove\u0148 jako z\u00e1stupce pro v\u011bdu a v\u00fdzkum na I. \u00fastavu patologie L\u00e9ka\u0159sk\u00e9 fakulty Masarykovy univerzity v Brn\u011b. Absolvoval studium v\u0161eobecn\u00e9ho l\u00e9ka\u0159stv\u00ed na L\u00e9ka\u0159sk\u00e9 fakult\u011b Masarykovy univerzity v roce 2017, v roce 2022 z\u00edskal atestaci v oboru patologie a roku 2025 obh\u00e1jil titul Ph.D. na t\u00e9ma heterogenita n\u00e1dor\u016f mozk\u016f a vybran\u00fdch nen\u00e1dorov\u00fdch l\u00e9z\u00ed. Ve sv\u00e9 odborn\u00e9 i akademick\u00e9 \u010dinnosti se zam\u011b\u0159uje na v\u00fdzkum n\u00e1dor\u016f centr\u00e1ln\u00edho nervov\u00e9ho syst\u00e9mu a epileptopatologie.<\/p>\n\n\n\n<p class=\"has-medium-font-size\"><strong>Od bun\u011bk k p\u0159\u00edb\u011bhu pacienta: patologie mozkov\u00fdch n\u00e1dor\u016f<\/strong><\/p>\n\n\n\n<p>Na t\u00e9to Science Talk se dozv\u00edte o rozmanitosti n\u00e1dory mozku a m\u00edchy, li\u0161\u00edc\u00ed se sv\u00fdm vzhledem, genetickou v\u00fdbavou a p\u0159edev\u0161\u00edm biologick\u00fdm chov\u00e1n\u00edm. V posledn\u00edch letech p\u0159inesl v\u00fdzkum nov\u00e9 poznatky o jejich vzniku a progresi, co\u017e vedlo k modern\u00ed klasifikaci zalo\u017een\u00e9 na molekul\u00e1rn\u00ed biologii. P\u0159edn\u00e1\u0161ka p\u0159ibl\u00ed\u017e\u00ed, pro\u010d je pochopen\u00ed t\u00e9to rozmanitosti kl\u00ed\u010dem k p\u0159esn\u011bj\u0161\u00ed diagnostice, \u00fa\u010dinn\u011bj\u0161\u00ed l\u00e9\u010db\u011b a lep\u0161\u00ed progn\u00f3ze pacient\u016f.<\/p>\n","protected":false},"excerpt":{"rendered":"<p>MUDr. Michal Hendrych, Ph.D.\u00a0p\u016fsob\u00ed jako l\u00e9ka\u0159 na I. \u00fastavu patologie Fakultn\u00ed nemocnice u sv. Anny v Brn\u011b a z\u00e1rove\u0148 jako z\u00e1stupce pro [&hellip;]<\/p>\n","protected":false},"author":8,"featured_media":0,"parent":0,"menu_order":0,"comment_status":"closed","ping_status":"closed","template":"","meta":{"inline_featured_image":false},"_links":{"self":[{"href":"https:\/\/akademie.fnusa.cz\/index.php?rest_route=\/wp\/v2\/pages\/3199"}],"collection":[{"href":"https:\/\/akademie.fnusa.cz\/index.php?rest_route=\/wp\/v2\/pages"}],"about":[{"href":"https:\/\/akademie.fnusa.cz\/index.php?rest_route=\/wp\/v2\/types\/page"}],"author":[{"embeddable":true,"href":"https:\/\/akademie.fnusa.cz\/index.php?rest_route=\/wp\/v2\/users\/8"}],"replies":[{"embeddable":true,"href":"https:\/\/akademie.fnusa.cz\/index.php?rest_route=%2Fwp%2Fv2%2Fcomments&post=3199"}],"version-history":[{"count":1,"href":"https:\/\/akademie.fnusa.cz\/index.php?rest_route=\/wp\/v2\/pages\/3199\/revisions"}],"predecessor-version":[{"id":3200,"href":"https:\/\/akademie.fnusa.cz\/index.php?rest_route=\/wp\/v2\/pages\/3199\/revisions\/3200"}],"wp:attachment":[{"href":"https:\/\/akademie.fnusa.cz\/index.php?rest_route=%2Fwp%2Fv2%2Fmedia&parent=3199"}],"curies":[{"name":"wp","href":"https:\/\/api.w.org\/{rel}","templated":true}]}}