{"id":2820,"date":"2025-06-27T08:09:34","date_gmt":"2025-06-27T08:09:34","guid":{"rendered":"https:\/\/akademie.fnusa.cz\/?page_id=2820"},"modified":"2025-10-20T06:57:06","modified_gmt":"2025-10-20T06:57:06","slug":"kontakty","status":"publish","type":"page","link":"https:\/\/akademie.fnusa.cz\/?page_id=2820","title":{"rendered":"Kontakty"},"content":{"rendered":"\n<p><\/p>\n\n\n\n<blockquote class=\"wp-block-quote\"><p>Napi\u0161 n\u00e1m na e-mail: <strong>akademie.icrc@fnusa.cz <\/strong><\/p><cite>R\u00e1dy porad\u00edme a zodpov\u00edme v\u0161echny ot\u00e1zky<\/cite><\/blockquote>\n\n\n\n<h2>N\u00e1\u0161 t\u00fdm:<\/h2>\n\n\n\n<p class=\"has-medium-font-size\">Krist\u00fdna Ba\u0161tov\u00e1 &#8211; Koordin\u00e1torka Akademie ICRC (kristyna.bastova@fnusa.cz)<\/p>\n\n\n\n<p>Mark\u00e9ta Homolkov\u00e1 &#8211; konzultantka Akademie ICRC<br>Zuzana Hochelov\u00e1 &#8211; spolu-zakladatelka Akademie ICRC<br>Lucie Jungwirthov\u00e1 &#8211; spolu-zakladatelka Akademie ICRC<\/p>\n\n\n\n<figure class=\"wp-container-2 wp-block-gallery-1 wp-block-gallery has-nested-images columns-4 is-cropped\">\n<figure class=\"wp-block-image size-large\"><img fetchpriority=\"high\" width=\"800\" height=\"800\" data-id=\"2821\"  src=\"https:\/\/akademie.fnusa.cz\/wp-content\/uploads\/2025\/06\/1749654871793.jpg\" alt=\"\" class=\"wp-image-2821\" srcset=\"https:\/\/akademie.fnusa.cz\/wp-content\/uploads\/2025\/06\/1749654871793.jpg 800w, https:\/\/akademie.fnusa.cz\/wp-content\/uploads\/2025\/06\/1749654871793-300x300.jpg 300w, https:\/\/akademie.fnusa.cz\/wp-content\/uploads\/2025\/06\/1749654871793-150x150.jpg 150w, https:\/\/akademie.fnusa.cz\/wp-content\/uploads\/2025\/06\/1749654871793-768x768.jpg 768w, https:\/\/akademie.fnusa.cz\/wp-content\/uploads\/2025\/06\/1749654871793-600x600.jpg 600w, https:\/\/akademie.fnusa.cz\/wp-content\/uploads\/2025\/06\/1749654871793-230x230.jpg 230w, https:\/\/akademie.fnusa.cz\/wp-content\/uploads\/2025\/06\/1749654871793-350x350.jpg 350w, https:\/\/akademie.fnusa.cz\/wp-content\/uploads\/2025\/06\/1749654871793-480x480.jpg 480w\" sizes=\"(max-width: 800px) 100vw, 800px\" \/><figcaption><br>Krist\u00fdna<\/figcaption><\/figure>\n\n\n\n<figure class=\"wp-block-image size-full\"><img width=\"665\" height=\"1000\" data-id=\"2832\"  src=\"https:\/\/akademie.fnusa.cz\/wp-content\/uploads\/2025\/06\/004037-ICRCacad-Seminar-Veda-2023-WEB.jpg\" alt=\"\" class=\"wp-image-2832\" srcset=\"https:\/\/akademie.fnusa.cz\/wp-content\/uploads\/2025\/06\/004037-ICRCacad-Seminar-Veda-2023-WEB.jpg 665w, https:\/\/akademie.fnusa.cz\/wp-content\/uploads\/2025\/06\/004037-ICRCacad-Seminar-Veda-2023-WEB-200x300.jpg 200w, https:\/\/akademie.fnusa.cz\/wp-content\/uploads\/2025\/06\/004037-ICRCacad-Seminar-Veda-2023-WEB-230x346.jpg 230w, https:\/\/akademie.fnusa.cz\/wp-content\/uploads\/2025\/06\/004037-ICRCacad-Seminar-Veda-2023-WEB-350x526.jpg 350w, https:\/\/akademie.fnusa.cz\/wp-content\/uploads\/2025\/06\/004037-ICRCacad-Seminar-Veda-2023-WEB-480x722.jpg 480w\" sizes=\"(max-width: 665px) 100vw, 665px\" \/><figcaption>Lucie<\/figcaption><\/figure>\n\n\n\n<figure class=\"wp-block-image size-large\"><img width=\"681\" height=\"1024\" data-id=\"2834\"  src=\"https:\/\/akademie.fnusa.cz\/wp-content\/uploads\/2025\/06\/DS2_1974-FIN-681x1024.jpg\" alt=\"\" class=\"wp-image-2834\" srcset=\"https:\/\/akademie.fnusa.cz\/wp-content\/uploads\/2025\/06\/DS2_1974-FIN-681x1024.jpg 681w, https:\/\/akademie.fnusa.cz\/wp-content\/uploads\/2025\/06\/DS2_1974-FIN-200x300.jpg 200w, https:\/\/akademie.fnusa.cz\/wp-content\/uploads\/2025\/06\/DS2_1974-FIN-768x1154.jpg 768w, https:\/\/akademie.fnusa.cz\/wp-content\/uploads\/2025\/06\/DS2_1974-FIN-1022x1536.jpg 1022w, https:\/\/akademie.fnusa.cz\/wp-content\/uploads\/2025\/06\/DS2_1974-FIN-1363x2048.jpg 1363w, https:\/\/akademie.fnusa.cz\/wp-content\/uploads\/2025\/06\/DS2_1974-FIN-920x1382.jpg 920w, https:\/\/akademie.fnusa.cz\/wp-content\/uploads\/2025\/06\/DS2_1974-FIN-230x346.jpg 230w, https:\/\/akademie.fnusa.cz\/wp-content\/uploads\/2025\/06\/DS2_1974-FIN-350x526.jpg 350w, https:\/\/akademie.fnusa.cz\/wp-content\/uploads\/2025\/06\/DS2_1974-FIN-480x721.jpg 480w, https:\/\/akademie.fnusa.cz\/wp-content\/uploads\/2025\/06\/DS2_1974-FIN-scaled.jpg 1704w\" sizes=\"(max-width: 681px) 100vw, 681px\" \/><figcaption>Zuzana<\/figcaption><\/figure>\n\n\n\n<figure class=\"wp-block-image size-large\"><img loading=\"lazy\" width=\"681\" height=\"1024\" data-id=\"2835\"  src=\"https:\/\/akademie.fnusa.cz\/wp-content\/uploads\/2025\/06\/DS2_1938-FIN-681x1024.jpg\" alt=\"\" class=\"wp-image-2835\" srcset=\"https:\/\/akademie.fnusa.cz\/wp-content\/uploads\/2025\/06\/DS2_1938-FIN-681x1024.jpg 681w, https:\/\/akademie.fnusa.cz\/wp-content\/uploads\/2025\/06\/DS2_1938-FIN-200x300.jpg 200w, https:\/\/akademie.fnusa.cz\/wp-content\/uploads\/2025\/06\/DS2_1938-FIN-768x1154.jpg 768w, https:\/\/akademie.fnusa.cz\/wp-content\/uploads\/2025\/06\/DS2_1938-FIN-1022x1536.jpg 1022w, https:\/\/akademie.fnusa.cz\/wp-content\/uploads\/2025\/06\/DS2_1938-FIN-1363x2048.jpg 1363w, https:\/\/akademie.fnusa.cz\/wp-content\/uploads\/2025\/06\/DS2_1938-FIN-920x1383.jpg 920w, https:\/\/akademie.fnusa.cz\/wp-content\/uploads\/2025\/06\/DS2_1938-FIN-230x346.jpg 230w, https:\/\/akademie.fnusa.cz\/wp-content\/uploads\/2025\/06\/DS2_1938-FIN-350x526.jpg 350w, https:\/\/akademie.fnusa.cz\/wp-content\/uploads\/2025\/06\/DS2_1938-FIN-480x721.jpg 480w, https:\/\/akademie.fnusa.cz\/wp-content\/uploads\/2025\/06\/DS2_1938-FIN-scaled.jpg 1703w\" sizes=\"(max-width: 681px) 100vw, 681px\" \/><figcaption>Mark\u00e9ta<\/figcaption><\/figure>\n<\/figure>\n","protected":false},"excerpt":{"rendered":"<p>Napi\u0161 n\u00e1m na e-mail: akademie.icrc@fnusa.cz R\u00e1dy porad\u00edme a zodpov\u00edme v\u0161echny ot\u00e1zky N\u00e1\u0161 t\u00fdm: Krist\u00fdna Ba\u0161tov\u00e1 &#8211; Koordin\u00e1torka Akademie ICRC (kristyna.bastova@fnusa.cz) Mark\u00e9ta Homolkov\u00e1 [&hellip;]<\/p>\n","protected":false},"author":8,"featured_media":0,"parent":0,"menu_order":0,"comment_status":"closed","ping_status":"closed","template":"","meta":{"inline_featured_image":false},"_links":{"self":[{"href":"https:\/\/akademie.fnusa.cz\/index.php?rest_route=\/wp\/v2\/pages\/2820"}],"collection":[{"href":"https:\/\/akademie.fnusa.cz\/index.php?rest_route=\/wp\/v2\/pages"}],"about":[{"href":"https:\/\/akademie.fnusa.cz\/index.php?rest_route=\/wp\/v2\/types\/page"}],"author":[{"embeddable":true,"href":"https:\/\/akademie.fnusa.cz\/index.php?rest_route=\/wp\/v2\/users\/8"}],"replies":[{"embeddable":true,"href":"https:\/\/akademie.fnusa.cz\/index.php?rest_route=%2Fwp%2Fv2%2Fcomments&post=2820"}],"version-history":[{"count":10,"href":"https:\/\/akademie.fnusa.cz\/index.php?rest_route=\/wp\/v2\/pages\/2820\/revisions"}],"predecessor-version":[{"id":3196,"href":"https:\/\/akademie.fnusa.cz\/index.php?rest_route=\/wp\/v2\/pages\/2820\/revisions\/3196"}],"wp:attachment":[{"href":"https:\/\/akademie.fnusa.cz\/index.php?rest_route=%2Fwp%2Fv2%2Fmedia&parent=2820"}],"curies":[{"name":"wp","href":"https:\/\/api.w.org\/{rel}","templated":true}]}}