{"id":2783,"date":"2025-06-25T12:37:22","date_gmt":"2025-06-25T12:37:22","guid":{"rendered":"https:\/\/akademie.fnusa.cz\/?page_id=2783"},"modified":"2025-06-25T12:37:24","modified_gmt":"2025-06-25T12:37:24","slug":"mudr-martin-pesl-ph-d-2","status":"publish","type":"page","link":"https:\/\/akademie.fnusa.cz\/?page_id=2783","title":{"rendered":"MUDr. Martin Pe\u0161l, Ph.D."},"content":{"rendered":"\n<p><strong>MUDr. Martin Pe\u0161l, Ph.D.<\/strong> je v\u011bdeck\u00fdm pracovn\u00edkem Mezin\u00e1rodn\u00edho centra klinick\u00e9ho v\u00fdzkumu FNUSA-ICRC a kardiologem se specializac\u00ed na arytmologii na I. intern\u00ed kardioangiologick\u00e9 klinice LF MU a FN u sv. Anny v Brn\u011b.<\/p>\n\n\n\n<p>B\u011bhem doktorsk\u00e9ho studia se zam\u011b\u0159il na diferenciaci kmenov\u00fdch bun\u011bk na kardiomyocyty v laborato\u0159i Dana Kaufmana na Stem Cell Institute p\u0159i University of Minnesota v Minneapolis. Spolu s Janem P\u0159ibylem (CEITEC MU) vyvinul novou metodu m\u011b\u0159en\u00ed absolutn\u00ed kontrak\u010dn\u00ed s\u00edly klastr\u016f kardiomyocyt\u016f pomoc\u00ed mikroskopie atom\u00e1rn\u00edch sil (AFM). Doktorsk\u00e9 studium ukon\u010dil v roce 2013 pod veden\u00edm prof. Petra Dvo\u0159\u00e1ka a doc. Tom\u00e1\u0161e K\u00e1ry. Po atestaci z kardiologie absolvoval odbornou st\u00e1\u017e zam\u011b\u0159enou na epikardi\u00e1ln\u00ed p\u0159\u00edstupy v anim\u00e1ln\u00edch elektrofyziologick\u00fdch experimentech na Mayo Clinic v Rochesteru pod veden\u00edm prof. Samuela Asirvathama (Heart Rhythm Services Department).<\/p>\n\n\n\n<p>Ve sv\u00e9 klinick\u00e9 i v\u011bdeck\u00e9 pr\u00e1ci se zam\u011b\u0159uje p\u0159edev\u0161\u00edm na arytmologii, co\u017e se odr\u00e1\u017e\u00ed i ve v\u00edce ne\u017e stovce publikac\u00ed a v n\u011bkolika recentn\u00edch patentech a u\u017eitn\u00fdch vzorech, nap\u0159. v oblasti elektroporace jako alternativn\u00ed abla\u010dn\u00ed technologie.<\/p>\n\n\n\n<p>Martin se dlouhodob\u011b v\u011bnuje transla\u010dn\u00edmu v\u00fdzkumu na pomez\u00ed z\u00e1kladn\u00ed a klinick\u00e9 v\u011bdy. V letech 2020\u20132023 zast\u00e1val funkci z\u00e1stupce \u0159editele FNUSA-ICRC pro transla\u010dn\u00ed v\u00fdzkum a do konce roku 2022 vedl nap\u0159\u00edklad mezin\u00e1rodn\u00ed projekt <strong>CResPace<\/strong> (Horizon 2020), zam\u011b\u0159en\u00fd na v\u00fdvoj inteligentn\u00edho, neuron\u00e1ln\u011b \u0159\u00edzen\u00e9ho kardiostimul\u00e1toru, kter\u00fd napodobuje p\u0159irozen\u00e9 kardiovaskul\u00e1rn\u00ed regula\u010dn\u00ed mechanismy. Na tento projekt nyn\u00ed navazuje v r\u00e1mci \u010derstv\u011b z\u00edskan\u00e9ho evropsk\u00e9ho projektu <strong>CResPulse<\/strong> (Horizon Europe), kter\u00fd d\u00e1le rozv\u00edj\u00ed bioelektronick\u00e9 p\u0159\u00edstupy v l\u00e9\u010db\u011b chronick\u00fdch srde\u010dn\u00edch onemocn\u011bn\u00ed.<\/p>\n\n\n\n<p>S ICRC Akademi\u00ed spolupracuje ji\u017e od roku 2011 jako lektor. B\u011bhem t\u00e9to doby m\u011bl mo\u017enost pracovat s \u0159adou talentovan\u00fdch student\u016f, jejich\u017e v\u00fdjime\u010dn\u00e9 v\u00fdsledky jsou trvalou inspirac\u00ed pro dal\u0161\u00ed generace mlad\u00fdch v\u011bdc\u016f.<\/p>\n\n\n\n<figure class=\"wp-container-2 wp-block-gallery-1 wp-block-gallery has-nested-images columns-default is-cropped\">\n<figure class=\"wp-block-image size-large\"><img fetchpriority=\"high\" width=\"2560\" height=\"1709\" data-id=\"2780\"  src=\"https:\/\/akademie.fnusa.cz\/wp-content\/uploads\/2025\/06\/DSC6688-scaled.jpg\" alt=\"\" class=\"wp-image-2780\" srcset=\"https:\/\/akademie.fnusa.cz\/wp-content\/uploads\/2025\/06\/DSC6688-scaled.jpg 2560w, https:\/\/akademie.fnusa.cz\/wp-content\/uploads\/2025\/06\/DSC6688-300x200.jpg 300w, https:\/\/akademie.fnusa.cz\/wp-content\/uploads\/2025\/06\/DSC6688-1024x684.jpg 1024w, https:\/\/akademie.fnusa.cz\/wp-content\/uploads\/2025\/06\/DSC6688-768x513.jpg 768w, https:\/\/akademie.fnusa.cz\/wp-content\/uploads\/2025\/06\/DSC6688-1536x1025.jpg 1536w, https:\/\/akademie.fnusa.cz\/wp-content\/uploads\/2025\/06\/DSC6688-2048x1367.jpg 2048w, https:\/\/akademie.fnusa.cz\/wp-content\/uploads\/2025\/06\/DSC6688-1200x800.jpg 1200w, https:\/\/akademie.fnusa.cz\/wp-content\/uploads\/2025\/06\/DSC6688-920x614.jpg 920w, https:\/\/akademie.fnusa.cz\/wp-content\/uploads\/2025\/06\/DSC6688-230x154.jpg 230w, https:\/\/akademie.fnusa.cz\/wp-content\/uploads\/2025\/06\/DSC6688-350x234.jpg 350w, https:\/\/akademie.fnusa.cz\/wp-content\/uploads\/2025\/06\/DSC6688-480x320.jpg 480w\" sizes=\"(max-width: 2560px) 100vw, 2560px\" \/><figcaption>Dr. Pe\u0161l na Semin\u00e1\u0159i 2023<\/figcaption><\/figure>\n\n\n\n<figure class=\"wp-block-image size-large\"><img width=\"2560\" height=\"1703\" data-id=\"2648\"  src=\"https:\/\/akademie.fnusa.cz\/wp-content\/uploads\/2025\/06\/001012-ICRCacad-Seminar-Veda-2023-PRINT-scaled.jpg\" alt=\"\" class=\"wp-image-2648\" srcset=\"https:\/\/akademie.fnusa.cz\/wp-content\/uploads\/2025\/06\/001012-ICRCacad-Seminar-Veda-2023-PRINT-scaled.jpg 2560w, https:\/\/akademie.fnusa.cz\/wp-content\/uploads\/2025\/06\/001012-ICRCacad-Seminar-Veda-2023-PRINT-300x200.jpg 300w, https:\/\/akademie.fnusa.cz\/wp-content\/uploads\/2025\/06\/001012-ICRCacad-Seminar-Veda-2023-PRINT-1024x681.jpg 1024w, https:\/\/akademie.fnusa.cz\/wp-content\/uploads\/2025\/06\/001012-ICRCacad-Seminar-Veda-2023-PRINT-768x511.jpg 768w, https:\/\/akademie.fnusa.cz\/wp-content\/uploads\/2025\/06\/001012-ICRCacad-Seminar-Veda-2023-PRINT-1536x1022.jpg 1536w, https:\/\/akademie.fnusa.cz\/wp-content\/uploads\/2025\/06\/001012-ICRCacad-Seminar-Veda-2023-PRINT-2048x1363.jpg 2048w, https:\/\/akademie.fnusa.cz\/wp-content\/uploads\/2025\/06\/001012-ICRCacad-Seminar-Veda-2023-PRINT-920x612.jpg 920w, https:\/\/akademie.fnusa.cz\/wp-content\/uploads\/2025\/06\/001012-ICRCacad-Seminar-Veda-2023-PRINT-230x153.jpg 230w, https:\/\/akademie.fnusa.cz\/wp-content\/uploads\/2025\/06\/001012-ICRCacad-Seminar-Veda-2023-PRINT-350x233.jpg 350w, https:\/\/akademie.fnusa.cz\/wp-content\/uploads\/2025\/06\/001012-ICRCacad-Seminar-Veda-2023-PRINT-480x319.jpg 480w\" sizes=\"(max-width: 2560px) 100vw, 2560px\" \/><figcaption>Dr. Pe\u0161l na Semin\u00e1\u0159i 2022<\/figcaption><\/figure>\n\n\n\n<figure class=\"wp-block-image size-large\"><img width=\"1616\" height=\"1080\" data-id=\"2784\"  src=\"https:\/\/akademie.fnusa.cz\/wp-content\/uploads\/2025\/06\/DSC3457.jpg\" alt=\"\" class=\"wp-image-2784\" srcset=\"https:\/\/akademie.fnusa.cz\/wp-content\/uploads\/2025\/06\/DSC3457.jpg 1616w, https:\/\/akademie.fnusa.cz\/wp-content\/uploads\/2025\/06\/DSC3457-300x200.jpg 300w, https:\/\/akademie.fnusa.cz\/wp-content\/uploads\/2025\/06\/DSC3457-1024x684.jpg 1024w, https:\/\/akademie.fnusa.cz\/wp-content\/uploads\/2025\/06\/DSC3457-768x513.jpg 768w, https:\/\/akademie.fnusa.cz\/wp-content\/uploads\/2025\/06\/DSC3457-1536x1027.jpg 1536w, https:\/\/akademie.fnusa.cz\/wp-content\/uploads\/2025\/06\/DSC3457-920x615.jpg 920w, https:\/\/akademie.fnusa.cz\/wp-content\/uploads\/2025\/06\/DSC3457-230x154.jpg 230w, https:\/\/akademie.fnusa.cz\/wp-content\/uploads\/2025\/06\/DSC3457-350x234.jpg 350w, https:\/\/akademie.fnusa.cz\/wp-content\/uploads\/2025\/06\/DSC3457-480x321.jpg 480w\" sizes=\"(max-width: 1616px) 100vw, 1616px\" \/><figcaption>Hospital Tour<\/figcaption><\/figure>\n<\/figure>\n","protected":false},"excerpt":{"rendered":"<p>MUDr. Martin Pe\u0161l, Ph.D. je v\u011bdeck\u00fdm pracovn\u00edkem Mezin\u00e1rodn\u00edho centra klinick\u00e9ho v\u00fdzkumu FNUSA-ICRC a kardiologem se specializac\u00ed na arytmologii na I. intern\u00ed kardioangiologick\u00e9 [&hellip;]<\/p>\n","protected":false},"author":8,"featured_media":0,"parent":0,"menu_order":0,"comment_status":"closed","ping_status":"closed","template":"","meta":{"inline_featured_image":false},"_links":{"self":[{"href":"https:\/\/akademie.fnusa.cz\/index.php?rest_route=\/wp\/v2\/pages\/2783"}],"collection":[{"href":"https:\/\/akademie.fnusa.cz\/index.php?rest_route=\/wp\/v2\/pages"}],"about":[{"href":"https:\/\/akademie.fnusa.cz\/index.php?rest_route=\/wp\/v2\/types\/page"}],"author":[{"embeddable":true,"href":"https:\/\/akademie.fnusa.cz\/index.php?rest_route=\/wp\/v2\/users\/8"}],"replies":[{"embeddable":true,"href":"https:\/\/akademie.fnusa.cz\/index.php?rest_route=%2Fwp%2Fv2%2Fcomments&post=2783"}],"version-history":[{"count":1,"href":"https:\/\/akademie.fnusa.cz\/index.php?rest_route=\/wp\/v2\/pages\/2783\/revisions"}],"predecessor-version":[{"id":2785,"href":"https:\/\/akademie.fnusa.cz\/index.php?rest_route=\/wp\/v2\/pages\/2783\/revisions\/2785"}],"wp:attachment":[{"href":"https:\/\/akademie.fnusa.cz\/index.php?rest_route=%2Fwp%2Fv2%2Fmedia&parent=2783"}],"curies":[{"name":"wp","href":"https:\/\/api.w.org\/{rel}","templated":true}]}}