{"id":2728,"date":"2025-06-24T11:53:12","date_gmt":"2025-06-24T11:53:12","guid":{"rendered":"https:\/\/akademie.fnusa.cz\/?page_id=2728"},"modified":"2025-06-25T12:38:04","modified_gmt":"2025-06-25T12:38:04","slug":"akademie-icrc-pribeh-ktery-piseme-spolecne","status":"publish","type":"page","link":"https:\/\/akademie.fnusa.cz\/?page_id=2728","title":{"rendered":"Akademie ICRC: p\u0159\u00edb\u011bh, kter\u00fd p\u00ed\u0161eme spole\u010dn\u011b!"},"content":{"rendered":"\n<figure class=\"wp-block-image alignright size-large is-resized\"><img fetchpriority=\"high\" src=\"https:\/\/akademie.fnusa.cz\/wp-content\/uploads\/2025\/06\/DSC6580-1024x684.jpg\" alt=\"\" class=\"wp-image-2729\" width=\"496\" height=\"331\" srcset=\"https:\/\/akademie.fnusa.cz\/wp-content\/uploads\/2025\/06\/DSC6580-1024x684.jpg 1024w, https:\/\/akademie.fnusa.cz\/wp-content\/uploads\/2025\/06\/DSC6580-300x200.jpg 300w, https:\/\/akademie.fnusa.cz\/wp-content\/uploads\/2025\/06\/DSC6580-768x513.jpg 768w, https:\/\/akademie.fnusa.cz\/wp-content\/uploads\/2025\/06\/DSC6580-1536x1025.jpg 1536w, https:\/\/akademie.fnusa.cz\/wp-content\/uploads\/2025\/06\/DSC6580-2048x1367.jpg 2048w, https:\/\/akademie.fnusa.cz\/wp-content\/uploads\/2025\/06\/DSC6580-1200x800.jpg 1200w, https:\/\/akademie.fnusa.cz\/wp-content\/uploads\/2025\/06\/DSC6580-920x614.jpg 920w, https:\/\/akademie.fnusa.cz\/wp-content\/uploads\/2025\/06\/DSC6580-230x154.jpg 230w, https:\/\/akademie.fnusa.cz\/wp-content\/uploads\/2025\/06\/DSC6580-350x234.jpg 350w, https:\/\/akademie.fnusa.cz\/wp-content\/uploads\/2025\/06\/DSC6580-480x320.jpg 480w\" sizes=\"(max-width: 496px) 100vw, 496px\" \/><figcaption><em>Lucie a Zuzana na zah\u00e1jen\u00ed Semin\u00e1\u0159e 2022<\/em><\/figcaption><\/figure>\n\n\n\n<p>Za vznikem Akademie ICRC stoj\u00ed my\u0161lenka dvou kamar\u00e1dek \u2013 Zuzky a Lucie, kter\u00e9 p\u0159em\u00fd\u0161lely, jak zpropagovat spolupr\u00e1ci se studuj\u00edc\u00edmi v&nbsp;nov\u011b otev\u0159en\u00e9m ICRC. <\/p>\n\n\n\n<p>V\u011bdeck\u00e9 prost\u0159ed\u00ed je rychl\u00e9, prom\u011bnliv\u00e9 a n\u00e1ro\u010dn\u00e9. Pr\u00e1v\u011b proto cht\u011bly vytvo\u0159it prostor, kter\u00fd tyto podm\u00ednky v\u011brn\u011b simuluje \u2013 ale z\u00e1rove\u0148 nab\u00edz\u00ed podporu, bezpe\u010d\u00ed a sd\u00edlenou motivaci.<\/p>\n\n\n\n<p>A tak vznikl v\u00edkendov\u00fd semin\u00e1\u0159, kter\u00fd stav\u00ed \u00fa\u010dastn\u00edky do situac\u00ed bl\u00edzk\u00fdch skute\u010dn\u00e9 v\u011bdeck\u00e9 praxi. Lid\u00e9 se stejn\u00fdm z\u00e1jmem o v\u00fdzkum se ocitnou v jednom t\u00fdmu, dostanou n\u00e1ro\u010dn\u00fd \u00fakol na posledn\u00ed chv\u00edli a mus\u00ed ho vy\u0159e\u0161it s&nbsp;ostatn\u00edmi studenty a studentkami, kter\u00e9 p\u0159edt\u00edm neznali. <\/p>\n\n\n\n<p>\u017d\u00e1dn\u00e1 n\u00e1pov\u011bda, \u017e\u00e1dn\u00fd komfort, jen \u010dist\u00e1 spolupr\u00e1ce, improvizace a p\u0159em\u00fd\u0161len\u00ed pod tlakem \u2013 to v\u0161e jako sou\u010d\u00e1st re\u00e1ln\u00e9ho z\u00e1\u017eitku.<\/p>\n\n\n\n<p>V roce 2020 jsme kv\u016fli pandemii p\u0159e\u0161ly do online prostoru. Akademii tehdy p\u0159evzala Mark\u00e9t a dok\u00e1zala, \u017ee i v digit\u00e1ln\u00ed podob\u011b lze vytvo\u0159it siln\u00fd z\u00e1\u017eitek a komunitu. D\u00edky jej\u00edmu veden\u00ed se poda\u0159ilo zachovat to nejd\u016fle\u017eit\u011bj\u0161\u00ed \u2013 smyslupln\u00e9 propojen\u00ed, v\u00fdzvy i inspiraci. Tento p\u0159\u00edstup p\u0159etrv\u00e1v\u00e1 dodnes.<\/p>\n\n\n\n<p>V roce 2024 se Zuzka a Lucka setkaly s&nbsp;Krist\u00fdnou, ve kter\u00e9 poznaly samy sebe na za\u010d\u00e1tku. P\u0159edaly j\u00ed veden\u00ed Akademie, aby j\u00ed vdechla nov\u00fd \u017eivot a upravila ji pro dal\u0161\u00ed generaci v\u011bdky\u0148 a v\u011bdc\u016f. Pro generaci Z \u2013 zv\u00eddavou, kritickou a kreativn\u00ed.<\/p>\n\n\n\n<figure class=\"wp-container-2 wp-block-gallery-1 wp-block-gallery has-nested-images columns-default is-cropped\">\n<figure class=\"wp-block-image size-large\"><img width=\"2016\" height=\"1512\" data-id=\"2731\"  src=\"https:\/\/akademie.fnusa.cz\/wp-content\/uploads\/2025\/06\/IMG_1348-rotated.jpg\" alt=\"\" class=\"wp-image-2731\" srcset=\"https:\/\/akademie.fnusa.cz\/wp-content\/uploads\/2025\/06\/IMG_1348-rotated.jpg 2016w, https:\/\/akademie.fnusa.cz\/wp-content\/uploads\/2025\/06\/IMG_1348-300x225.jpg 300w, https:\/\/akademie.fnusa.cz\/wp-content\/uploads\/2025\/06\/IMG_1348-1024x768.jpg 1024w, https:\/\/akademie.fnusa.cz\/wp-content\/uploads\/2025\/06\/IMG_1348-768x576.jpg 768w, https:\/\/akademie.fnusa.cz\/wp-content\/uploads\/2025\/06\/IMG_1348-1536x1152.jpg 1536w, https:\/\/akademie.fnusa.cz\/wp-content\/uploads\/2025\/06\/IMG_1348-920x690.jpg 920w, https:\/\/akademie.fnusa.cz\/wp-content\/uploads\/2025\/06\/IMG_1348-230x173.jpg 230w, https:\/\/akademie.fnusa.cz\/wp-content\/uploads\/2025\/06\/IMG_1348-350x263.jpg 350w, https:\/\/akademie.fnusa.cz\/wp-content\/uploads\/2025\/06\/IMG_1348-480x360.jpg 480w\" sizes=\"(max-width: 2016px) 100vw, 2016px\" \/><figcaption>Mark\u00e9t, Zuzi a Dr. Pe\u0161l<\/figcaption><\/figure>\n\n\n\n<figure class=\"wp-block-image size-large\"><img width=\"1616\" height=\"1080\" data-id=\"2732\"  src=\"https:\/\/akademie.fnusa.cz\/wp-content\/uploads\/2025\/06\/DSC3409.jpg\" alt=\"\" class=\"wp-image-2732\" srcset=\"https:\/\/akademie.fnusa.cz\/wp-content\/uploads\/2025\/06\/DSC3409.jpg 1616w, https:\/\/akademie.fnusa.cz\/wp-content\/uploads\/2025\/06\/DSC3409-300x200.jpg 300w, https:\/\/akademie.fnusa.cz\/wp-content\/uploads\/2025\/06\/DSC3409-1024x684.jpg 1024w, https:\/\/akademie.fnusa.cz\/wp-content\/uploads\/2025\/06\/DSC3409-768x513.jpg 768w, https:\/\/akademie.fnusa.cz\/wp-content\/uploads\/2025\/06\/DSC3409-1536x1027.jpg 1536w, https:\/\/akademie.fnusa.cz\/wp-content\/uploads\/2025\/06\/DSC3409-920x615.jpg 920w, https:\/\/akademie.fnusa.cz\/wp-content\/uploads\/2025\/06\/DSC3409-230x154.jpg 230w, https:\/\/akademie.fnusa.cz\/wp-content\/uploads\/2025\/06\/DSC3409-350x234.jpg 350w, https:\/\/akademie.fnusa.cz\/wp-content\/uploads\/2025\/06\/DSC3409-480x321.jpg 480w\" sizes=\"(max-width: 1616px) 100vw, 1616px\" \/><figcaption>Luci, Zuzi a Krist\u00fdna<\/figcaption><\/figure>\n\n\n\n<figure class=\"wp-block-image size-large is-style-default\"><img loading=\"lazy\" width=\"1920\" height=\"1080\" data-id=\"2730\"  src=\"https:\/\/akademie.fnusa.cz\/wp-content\/uploads\/2025\/06\/ST-Feole-25.-5.-2022-2.png\" alt=\"\" class=\"wp-image-2730\" srcset=\"https:\/\/akademie.fnusa.cz\/wp-content\/uploads\/2025\/06\/ST-Feole-25.-5.-2022-2.png 1920w, https:\/\/akademie.fnusa.cz\/wp-content\/uploads\/2025\/06\/ST-Feole-25.-5.-2022-2-300x169.png 300w, https:\/\/akademie.fnusa.cz\/wp-content\/uploads\/2025\/06\/ST-Feole-25.-5.-2022-2-1024x576.png 1024w, https:\/\/akademie.fnusa.cz\/wp-content\/uploads\/2025\/06\/ST-Feole-25.-5.-2022-2-768x432.png 768w, https:\/\/akademie.fnusa.cz\/wp-content\/uploads\/2025\/06\/ST-Feole-25.-5.-2022-2-1536x864.png 1536w, https:\/\/akademie.fnusa.cz\/wp-content\/uploads\/2025\/06\/ST-Feole-25.-5.-2022-2-920x518.png 920w, https:\/\/akademie.fnusa.cz\/wp-content\/uploads\/2025\/06\/ST-Feole-25.-5.-2022-2-230x129.png 230w, https:\/\/akademie.fnusa.cz\/wp-content\/uploads\/2025\/06\/ST-Feole-25.-5.-2022-2-350x197.png 350w, https:\/\/akademie.fnusa.cz\/wp-content\/uploads\/2025\/06\/ST-Feole-25.-5.-2022-2-480x270.png 480w\" sizes=\"(max-width: 1920px) 100vw, 1920px\" \/><figcaption>Semin\u00e1\u0159 2020<\/figcaption><\/figure>\n<\/figure>\n\n\n\n<p>Akademie je otev\u0159en\u00e1 jak vysoko\u0161kol\u00e1k\u016fm, tak st\u0159edo\u0161kol\u00e1k\u016fm. Na\u0161\u00edm c\u00edlem je nab\u00eddnout mlad\u00fdm lidem mo\u017enost nahl\u00e9dnout do z\u00e1kulis\u00ed v\u011bdy a pomoci jim nastartovat vlastn\u00ed v\u00fdzkumnou dr\u00e1hu. <\/p>\n\n\n\n<p>Postupn\u011b kolem Akademie vznikla komunita, kter\u00e1 se ka\u017edoro\u010dn\u011b setk\u00e1v\u00e1 na podzimn\u00edch semin\u00e1\u0159\u00edch \u2013 a\u0165 u\u017e jsou jej\u00ed \u010dlenov\u00e9 s n\u00e1mi od za\u010d\u00e1tku, nebo se p\u0159idali teprve ned\u00e1vno.<\/p>\n\n\n\n<p>Dnes u\u017e Akademie nen\u00ed jen jeden v\u00edkend v roce. Na ja\u0159e po\u0159\u00e1d\u00e1me cyklus Science Talks a Lab Tours \u2013 s\u00e9rii p\u0159edn\u00e1\u0161ek a n\u00e1v\u0161t\u011bv v\u00fdzkumn\u00fdch t\u00fdm\u016f. B\u011bhem zkou\u0161kov\u00e9ho a pr\u00e1zdnin v\u00e1m nech\u00e1v\u00e1me prostor na odpo\u010dinek, ale u\u017e na podzim se znovu rozj\u00ed\u017ed\u00edme. P\u0159ich\u00e1z\u00ed dal\u0161\u00ed v\u00e1rka Science Talks a Lab Tours, kterou ka\u017edoro\u010dn\u011b zakon\u010duje podzimn\u00ed semin\u00e1\u0159.<\/p>\n\n\n\n<p>A pr\u00e1v\u011b po n\u011bm hled\u00e1me ty nej\u0161ikovn\u011bj\u0161\u00ed z v\u00e1s. Ty, kte\u0159\u00ed jsou p\u0159ipraven\u00ed posunout se d\u00e1l. Doporu\u010dujeme v\u00e1s na st\u00e1\u017ee do v\u00fdzkumn\u00fdch t\u00fdm\u016f FNUSA-ICRC, kde m\u016f\u017eete re\u00e1ln\u011b za\u010d\u00edt svou v\u011bdeckou cestu.<\/p>\n\n\n\n<p><strong>Vy se u\u010d\u00edte a my sledujeme, kdo z v\u00e1s jednou zm\u011bn\u00ed sv\u011bt. My v\u00e1m d\u00e1v\u00e1me p\u0159\u00edle\u017eitost &nbsp;a vy n\u00e1m ukazujete budoucnost. Vy z\u00edsk\u00e1te zku\u0161enost, my najdeme budouc\u00ed v\u011bdce a v\u011bdkyn\u011b do na\u0161ich t\u00fdm\u016f. Win-win.<\/strong><\/p>\n\n\n\n<p><\/p>\n\n\n\n<p class=\"has-medium-font-size\"><strong>Odborn\u00e9 tv\u00e1\u0159e Akademie ICRC<\/strong><\/p>\n\n\n\n<p>Jeliko\u017e jsme holky z HR a PR, co\u017e nejsou v\u011bdeck\u00e9 obory, m\u00e1me v na\u0161em t\u00fdmu odborn\u00edky na v\u011bdu, abychom zajistily, \u017ee se opravdu potk\u00e1te s opravdov\u00fdmi v\u00fdzkumn\u00edky a v\u00fdzkumnicemi.<\/p>\n\n\n\n<p><a href=\"https:\/\/akademie.fnusa.cz\/?page_id=2783\">MUDr. Martin Pe\u0161l, Ph.D.<\/a> je kardiologem a v\u00fdzkumn\u00edkem ve FNUSA-ICRC Brno. Za jeho nasazen\u00ed a dlouholetou podporu jsme mu nesm\u00edrn\u011b vd\u011b\u010dn\u00e9. Jako spr\u00e1vn\u00fd kardiolog je t\u00edm, kdo Akademii udr\u017euje ve zdrav\u00e9m rytmu.<\/p>\n\n\n\n<p><a href=\"https:\/\/akademie.fnusa.cz\/?page_id=930\">Mgr. Marcela Hortov\u00e1-Kohoutkov\u00e1, Ph. D.<\/a> je vedouc\u00ed v\u00fdzkumnic\u00ed ve FNUSA-ICRC Brno a je na\u0161\u00ed velkou inspirac\u00ed. Dok\u00e1\u017ee v\u011bdu p\u0159ibli\u017e\u00edt srozumiteln\u011b a poutav\u011b! Jsme moc vd\u011b\u010dn\u00e9, \u017ee ji m\u00e1me v t\u00fdmu.<\/p>\n\n\n\n<p><a href=\"https:\/\/akademie.fnusa.cz\/?page_id=627\">Ing. Petr Klime\u0161, Ph.D. <\/a>v sou\u010dasnosti vede v\u00fdzkumnou skupinu v\u00fdpo\u010detn\u00ed neurov\u011bdy v AV \u010cR a z\u00e1rove\u0148 p\u016fsob\u00ed jako senior research associate na Duke University v USA. Petr je nejen odborn\u00edk, ale i \u010dlov\u011bk s velkou empati\u00ed a ochotou pomoci ka\u017ed\u00e9mu studentovi a studentce. A p\u0159esto\u017ee n\u00e1s v sou\u010dasn\u00e9 chv\u00edli d\u011bl\u00ed atlansk\u00fd oce\u00e1n, m\u016f\u017ee\u0161 se s n\u00edm setkat nap\u0159. v r\u00e1mci workshop\u016f pro st\u00e1\u017eisty.<\/p>\n\n\n\n<figure class=\"wp-container-4 wp-block-gallery-3 wp-block-gallery has-nested-images columns-default is-cropped\">\n<figure class=\"wp-block-image size-large\"><img loading=\"lazy\" width=\"1024\" height=\"684\" data-id=\"2764\"  src=\"https:\/\/akademie.fnusa.cz\/wp-content\/uploads\/2025\/06\/DSC6798-1024x684.jpg\" alt=\"\" class=\"wp-image-2764\" srcset=\"https:\/\/akademie.fnusa.cz\/wp-content\/uploads\/2025\/06\/DSC6798-1024x684.jpg 1024w, https:\/\/akademie.fnusa.cz\/wp-content\/uploads\/2025\/06\/DSC6798-300x200.jpg 300w, https:\/\/akademie.fnusa.cz\/wp-content\/uploads\/2025\/06\/DSC6798-768x513.jpg 768w, https:\/\/akademie.fnusa.cz\/wp-content\/uploads\/2025\/06\/DSC6798-1536x1026.jpg 1536w, https:\/\/akademie.fnusa.cz\/wp-content\/uploads\/2025\/06\/DSC6798-2048x1367.jpg 2048w, https:\/\/akademie.fnusa.cz\/wp-content\/uploads\/2025\/06\/DSC6798-1200x800.jpg 1200w, https:\/\/akademie.fnusa.cz\/wp-content\/uploads\/2025\/06\/DSC6798-920x614.jpg 920w, https:\/\/akademie.fnusa.cz\/wp-content\/uploads\/2025\/06\/DSC6798-230x154.jpg 230w, https:\/\/akademie.fnusa.cz\/wp-content\/uploads\/2025\/06\/DSC6798-350x234.jpg 350w, https:\/\/akademie.fnusa.cz\/wp-content\/uploads\/2025\/06\/DSC6798-480x320.jpg 480w\" sizes=\"(max-width: 1024px) 100vw, 1024px\" \/><figcaption>Marcela<\/figcaption><\/figure>\n\n\n\n<figure class=\"wp-block-image size-large\"><img loading=\"lazy\" width=\"1024\" height=\"681\" data-id=\"2648\"  src=\"https:\/\/akademie.fnusa.cz\/wp-content\/uploads\/2025\/06\/001012-ICRCacad-Seminar-Veda-2023-PRINT-1024x681.jpg\" alt=\"\" class=\"wp-image-2648\" srcset=\"https:\/\/akademie.fnusa.cz\/wp-content\/uploads\/2025\/06\/001012-ICRCacad-Seminar-Veda-2023-PRINT-1024x681.jpg 1024w, https:\/\/akademie.fnusa.cz\/wp-content\/uploads\/2025\/06\/001012-ICRCacad-Seminar-Veda-2023-PRINT-300x200.jpg 300w, https:\/\/akademie.fnusa.cz\/wp-content\/uploads\/2025\/06\/001012-ICRCacad-Seminar-Veda-2023-PRINT-768x511.jpg 768w, https:\/\/akademie.fnusa.cz\/wp-content\/uploads\/2025\/06\/001012-ICRCacad-Seminar-Veda-2023-PRINT-1536x1022.jpg 1536w, https:\/\/akademie.fnusa.cz\/wp-content\/uploads\/2025\/06\/001012-ICRCacad-Seminar-Veda-2023-PRINT-2048x1363.jpg 2048w, https:\/\/akademie.fnusa.cz\/wp-content\/uploads\/2025\/06\/001012-ICRCacad-Seminar-Veda-2023-PRINT-920x612.jpg 920w, https:\/\/akademie.fnusa.cz\/wp-content\/uploads\/2025\/06\/001012-ICRCacad-Seminar-Veda-2023-PRINT-230x153.jpg 230w, https:\/\/akademie.fnusa.cz\/wp-content\/uploads\/2025\/06\/001012-ICRCacad-Seminar-Veda-2023-PRINT-350x233.jpg 350w, https:\/\/akademie.fnusa.cz\/wp-content\/uploads\/2025\/06\/001012-ICRCacad-Seminar-Veda-2023-PRINT-480x319.jpg 480w\" sizes=\"(max-width: 1024px) 100vw, 1024px\" \/><figcaption>Martin<\/figcaption><\/figure>\n\n\n\n<figure class=\"wp-block-image size-large\"><img loading=\"lazy\" width=\"1024\" height=\"684\" data-id=\"2763\"  src=\"https:\/\/akademie.fnusa.cz\/wp-content\/uploads\/2025\/06\/DSC6808-1024x684.jpg\" alt=\"\" class=\"wp-image-2763\" srcset=\"https:\/\/akademie.fnusa.cz\/wp-content\/uploads\/2025\/06\/DSC6808-1024x684.jpg 1024w, https:\/\/akademie.fnusa.cz\/wp-content\/uploads\/2025\/06\/DSC6808-300x200.jpg 300w, https:\/\/akademie.fnusa.cz\/wp-content\/uploads\/2025\/06\/DSC6808-768x513.jpg 768w, https:\/\/akademie.fnusa.cz\/wp-content\/uploads\/2025\/06\/DSC6808-1536x1025.jpg 1536w, https:\/\/akademie.fnusa.cz\/wp-content\/uploads\/2025\/06\/DSC6808-2048x1367.jpg 2048w, https:\/\/akademie.fnusa.cz\/wp-content\/uploads\/2025\/06\/DSC6808-1200x800.jpg 1200w, https:\/\/akademie.fnusa.cz\/wp-content\/uploads\/2025\/06\/DSC6808-920x614.jpg 920w, https:\/\/akademie.fnusa.cz\/wp-content\/uploads\/2025\/06\/DSC6808-230x154.jpg 230w, https:\/\/akademie.fnusa.cz\/wp-content\/uploads\/2025\/06\/DSC6808-350x234.jpg 350w, https:\/\/akademie.fnusa.cz\/wp-content\/uploads\/2025\/06\/DSC6808-480x320.jpg 480w\" sizes=\"(max-width: 1024px) 100vw, 1024px\" \/><figcaption>Petr<\/figcaption><\/figure>\n<\/figure>\n","protected":false},"excerpt":{"rendered":"<p>Za vznikem Akademie ICRC stoj\u00ed my\u0161lenka dvou kamar\u00e1dek \u2013 Zuzky a Lucie, kter\u00e9 p\u0159em\u00fd\u0161lely, jak zpropagovat spolupr\u00e1ci se studuj\u00edc\u00edmi v&nbsp;nov\u011b otev\u0159en\u00e9m ICRC. [&hellip;]<\/p>\n","protected":false},"author":8,"featured_media":0,"parent":0,"menu_order":0,"comment_status":"closed","ping_status":"closed","template":"","meta":{"inline_featured_image":false},"_links":{"self":[{"href":"https:\/\/akademie.fnusa.cz\/index.php?rest_route=\/wp\/v2\/pages\/2728"}],"collection":[{"href":"https:\/\/akademie.fnusa.cz\/index.php?rest_route=\/wp\/v2\/pages"}],"about":[{"href":"https:\/\/akademie.fnusa.cz\/index.php?rest_route=\/wp\/v2\/types\/page"}],"author":[{"embeddable":true,"href":"https:\/\/akademie.fnusa.cz\/index.php?rest_route=\/wp\/v2\/users\/8"}],"replies":[{"embeddable":true,"href":"https:\/\/akademie.fnusa.cz\/index.php?rest_route=%2Fwp%2Fv2%2Fcomments&post=2728"}],"version-history":[{"count":30,"href":"https:\/\/akademie.fnusa.cz\/index.php?rest_route=\/wp\/v2\/pages\/2728\/revisions"}],"predecessor-version":[{"id":2786,"href":"https:\/\/akademie.fnusa.cz\/index.php?rest_route=\/wp\/v2\/pages\/2728\/revisions\/2786"}],"wp:attachment":[{"href":"https:\/\/akademie.fnusa.cz\/index.php?rest_route=%2Fwp%2Fv2%2Fmedia&parent=2728"}],"curies":[{"name":"wp","href":"https:\/\/api.w.org\/{rel}","templated":true}]}}