{"id":2690,"date":"2025-06-13T09:21:01","date_gmt":"2025-06-13T09:21:01","guid":{"rendered":"https:\/\/akademie.fnusa.cz\/?page_id=2690"},"modified":"2025-07-09T07:52:03","modified_gmt":"2025-07-09T07:52:03","slug":"aktivity-akademie-icrc","status":"publish","type":"page","link":"https:\/\/akademie.fnusa.cz\/?page_id=2690","title":{"rendered":"Aktivity Akademie ICRC"},"content":{"rendered":"\n<p>Sd\u00edl\u00edme, co um\u00edme. Hled\u00e1me ty, kte\u0159\u00ed cht\u011bj\u00ed r\u016fst. Hled\u00e1me talenty. Mo\u017en\u00e1 pr\u00e1v\u011b tebe.<\/p>\n\n\n\n<p>V\u011b\u0159\u00edme, \u017ee budoucnost v\u011bdy a medic\u00edny za\u010d\u00edn\u00e1 u t\u011bch, kte\u0159\u00ed jsou zv\u00eddav\u00ed, aktivn\u00ed a cht\u011bj\u00ed r\u016fst. Proto <strong>po\u0159\u00e1d\u00e1me celou \u0159adu bezplatn\u00fdch vzd\u011bl\u00e1vac\u00edch aktivit<\/strong>, kter\u00e9 studuj\u00edc\u00edm umo\u017e\u0148uj\u00ed nahl\u00e9dnout do sv\u011bta v\u00fdzkumu, kliniky i modern\u00edch laborato\u0159\u00ed.<\/p>\n\n\n\n<p><strong>V\u0161echny aktivity jsou zdarma<\/strong>. D\u011bl\u00e1me to proto, \u017ee hled\u00e1me nov\u00e9 talenty pro na\u0161i nemocnici a v\u00fdzkumn\u00e9 t\u00fdmy ve <strong>FNUSA-ICRC<\/strong>.<\/p>\n\n\n\n<p class=\"has-large-font-size\"><strong><mark style=\"background-color:rgba(0, 0, 0, 0)\" class=\"has-inline-color has-vivid-red-color\">Science Talks<\/mark><\/strong><\/p>\n\n\n\n<p>Hodinov\u00e1 online setk\u00e1n\u00ed s lidmi z v\u011bdeck\u00e9ho prost\u0159ed\u00ed FNUSA-ICRC. Diskutujeme o aktu\u00e1ln\u00edch t\u00e9matech, v\u011bdeck\u00fdch trendech i praktick\u00fdch zku\u0161enostech z kliniky i v\u00fdzkumu.<br>P\u0159\u00edklady t\u00e9mat:<\/p>\n\n\n\n<ul><li>\u201e<strong>Jak dok\u00e1zat, \u017ee l\u00e9k skute\u010dn\u011b funguje?<\/strong>\u201c<\/li><li>\u201e<strong>Kam se vyd\u00e1 medic\u00edna pod taktovkou AI?<\/strong>\u201c<\/li><li>\u201e<strong>Jak onkogenn\u00ed mutace stimuluj\u00ed r\u016fst n\u00e1dor\u016f a co se s&nbsp;t\u00edm d\u00e1 d\u011blat?<\/strong>\u201c<\/li><li>\u201e<strong>Opioidn\u00ed krize a management bolesti<\/strong>\u201c<\/li><li>\u201e<strong>Design l\u00e9k\u016f na mrtvici<\/strong>\u201c<\/li><\/ul>\n\n\n\n<p class=\"has-large-font-size\"><strong><strong><mark style=\"background-color:rgba(0, 0, 0, 0)\" class=\"has-inline-color has-vivid-red-color\">Lab Tours<\/mark><\/strong><\/strong><\/p>\n\n\n\n<p>Chce\u0161 vid\u011bt v\u00fdzkum na vlastn\u00ed o\u010di? Nab\u00edz\u00edme komentovan\u00e9 prohl\u00eddky na\u0161ich \u0161pi\u010dkov\u00fdch laborato\u0159\u00ed a klinick\u00fdch pracovi\u0161\u0165.<\/p>\n\n\n\n<p>U\u017e jsme v&nbsp;r\u00e1mci Lab Tours uspo\u0159\u00e1dali:<\/p>\n\n\n\n<ul><li>\u201e<strong>Nahl\u00e9dn\u011bte do sv\u011bta modern\u00ed patologie<\/strong>\u201c<\/li><li>\u201e<strong>Za oponou Transfuzn\u00edho odd\u011blen\u00ed<\/strong>\u201c<\/li><li>\u201e<strong>Hospital tour \u2013 od sklepa a\u017e po terasy<\/strong>\u201c<\/li><li>\u201e<strong>Ambulan\u010dn\u00ed nutri\u010dn\u00ed p\u00e9\u010de v praxi (Kardiovize)<\/strong>\u201c<\/li><\/ul>\n\n\n\n<p class=\"has-large-font-size\"><strong><strong><mark style=\"background-color:rgba(0, 0, 0, 0)\" class=\"has-inline-color has-vivid-red-color\">Semin\u00e1\u0159e a p\u0159edn\u00e1\u0161ky<\/mark><\/strong><\/strong><\/p>\n\n\n\n<p>Otev\u00edr\u00e1me t\u00e9mata, kter\u00e1 b\u011b\u017en\u011b ve \u0161kole neusly\u0161\u00ed\u0161. Jsou ur\u010den\u00e1 pro st\u0159edn\u00ed i vysok\u00e9 \u0161koly a \u010dasto spojuj\u00ed v\u00fdzkum, klinickou praxi i osobn\u00ed p\u0159\u00edb\u011bhy.<br>Nap\u0159\u00edklad:<\/p>\n\n\n\n<ul><li><strong>&#8220;Klinick\u00fd v\u00fdzkum v kostce&#8221;<\/strong> (semin\u00e1\u0159)<\/li><li>\u201e<strong>Jak se operuje srdce<\/strong>\u201c (p\u0159edn\u00e1\u0161ka)<\/li><li>\u201e<strong>P\u011bst\u00edrna konop\u00ed v nemocnici: od klonu a\u017e po l\u00e9ka\u0159sk\u00fd p\u0159edpis<\/strong>\u201c (p\u0159edn\u00e1\u0161ka)<\/li><li>\u201e<strong>Ze zahrady na Oxford<\/strong>\u201c (inspirativn\u00ed studentsk\u00fd p\u0159\u00edb\u011bh)<\/li><li>\u201e<strong>Z ICRC do Ameriky<\/strong>\u201c (inspirativn\u00ed studentsk\u00fd p\u0159\u00edb\u011bh)<\/li><\/ul>\n\n\n\n<figure class=\"wp-container-2 wp-block-gallery-1 wp-block-gallery has-nested-images columns-default is-cropped\">\n<figure class=\"wp-block-image size-large\"><img fetchpriority=\"high\" width=\"1848\" height=\"787\" data-id=\"2696\"  src=\"https:\/\/akademie.fnusa.cz\/wp-content\/uploads\/2025\/06\/Printscreen_ST_Opiodni-krize_2-e1749805900368.png\" alt=\"\" class=\"wp-image-2696\" srcset=\"https:\/\/akademie.fnusa.cz\/wp-content\/uploads\/2025\/06\/Printscreen_ST_Opiodni-krize_2-e1749805900368.png 1848w, https:\/\/akademie.fnusa.cz\/wp-content\/uploads\/2025\/06\/Printscreen_ST_Opiodni-krize_2-e1749805900368-300x128.png 300w, https:\/\/akademie.fnusa.cz\/wp-content\/uploads\/2025\/06\/Printscreen_ST_Opiodni-krize_2-e1749805900368-1024x436.png 1024w, https:\/\/akademie.fnusa.cz\/wp-content\/uploads\/2025\/06\/Printscreen_ST_Opiodni-krize_2-e1749805900368-768x327.png 768w, https:\/\/akademie.fnusa.cz\/wp-content\/uploads\/2025\/06\/Printscreen_ST_Opiodni-krize_2-e1749805900368-1536x654.png 1536w, https:\/\/akademie.fnusa.cz\/wp-content\/uploads\/2025\/06\/Printscreen_ST_Opiodni-krize_2-e1749805900368-920x392.png 920w, https:\/\/akademie.fnusa.cz\/wp-content\/uploads\/2025\/06\/Printscreen_ST_Opiodni-krize_2-e1749805900368-230x98.png 230w, https:\/\/akademie.fnusa.cz\/wp-content\/uploads\/2025\/06\/Printscreen_ST_Opiodni-krize_2-e1749805900368-350x149.png 350w, https:\/\/akademie.fnusa.cz\/wp-content\/uploads\/2025\/06\/Printscreen_ST_Opiodni-krize_2-e1749805900368-480x204.png 480w\" sizes=\"(max-width: 1848px) 100vw, 1848px\" \/><figcaption>Science Talk<\/figcaption><\/figure>\n\n\n\n<figure class=\"wp-block-image size-large\"><img data-id=\"2733\"  src=\"https:\/\/akademie.fnusa.cz\/wp-content\/uploads\/2025\/06\/20141207_ICRC_seminar_nedele_110_WEB.jpg\" alt=\"\" class=\"wp-image-2733\"\/><figcaption>Semin\u00e1\u0159<\/figcaption><\/figure>\n\n\n\n<figure class=\"wp-block-image size-large\"><img width=\"2560\" height=\"1376\" data-id=\"2695\"  src=\"https:\/\/akademie.fnusa.cz\/wp-content\/uploads\/2025\/06\/LT_Hospital-Tour-scaled-e1749805951166.jpeg\" alt=\"\" class=\"wp-image-2695\" srcset=\"https:\/\/akademie.fnusa.cz\/wp-content\/uploads\/2025\/06\/LT_Hospital-Tour-scaled-e1749805951166.jpeg 2560w, https:\/\/akademie.fnusa.cz\/wp-content\/uploads\/2025\/06\/LT_Hospital-Tour-scaled-e1749805951166-300x161.jpeg 300w, https:\/\/akademie.fnusa.cz\/wp-content\/uploads\/2025\/06\/LT_Hospital-Tour-scaled-e1749805951166-1024x550.jpeg 1024w, https:\/\/akademie.fnusa.cz\/wp-content\/uploads\/2025\/06\/LT_Hospital-Tour-scaled-e1749805951166-768x413.jpeg 768w, https:\/\/akademie.fnusa.cz\/wp-content\/uploads\/2025\/06\/LT_Hospital-Tour-scaled-e1749805951166-1536x826.jpeg 1536w, https:\/\/akademie.fnusa.cz\/wp-content\/uploads\/2025\/06\/LT_Hospital-Tour-scaled-e1749805951166-2048x1101.jpeg 2048w, https:\/\/akademie.fnusa.cz\/wp-content\/uploads\/2025\/06\/LT_Hospital-Tour-scaled-e1749805951166-920x495.jpeg 920w, https:\/\/akademie.fnusa.cz\/wp-content\/uploads\/2025\/06\/LT_Hospital-Tour-scaled-e1749805951166-230x124.jpeg 230w, https:\/\/akademie.fnusa.cz\/wp-content\/uploads\/2025\/06\/LT_Hospital-Tour-scaled-e1749805951166-350x188.jpeg 350w, https:\/\/akademie.fnusa.cz\/wp-content\/uploads\/2025\/06\/LT_Hospital-Tour-scaled-e1749805951166-480x258.jpeg 480w\" sizes=\"(max-width: 2560px) 100vw, 2560px\" \/><figcaption>Lab Tour<\/figcaption><\/figure>\n<\/figure>\n\n\n\n<p class=\"has-large-font-size\"><strong><strong><mark style=\"background-color:rgba(0, 0, 0, 0)\" class=\"has-inline-color has-vivid-red-color\">Workshopy pro na\u0161e st\u00e1\u017eisty<\/mark><\/strong><\/strong><\/p>\n\n\n\n<p>Praktick\u00e9 vzd\u011bl\u00e1v\u00e1n\u00ed zam\u011b\u0159en\u00e9 na rozvoj konkr\u00e9tn\u00edch v\u00fdzkumn\u00fdch i prezenta\u010dn\u00edch dovednost\u00ed.<\/p>\n\n\n\n<p>Nab\u00edz\u00edme nap\u0159\u00edklad:<\/p>\n\n\n\n<ul><li>\u201e<strong>V\u00fdzkumn\u00fd projekt \u2013 od A a\u017e po publikaci<\/strong>\u201c<\/li><li>\u201e<strong>Psan\u00ed odborn\u00e9ho \u010dl\u00e1nku<\/strong>\u201c<\/li><li>\u201e<strong>Prezentom\u00e1nie<\/strong>\u201c \u2013 jak srozumiteln\u011b a sebev\u011bdom\u011b mluvit o sv\u00e9 pr\u00e1ci<\/li><\/ul>\n\n\n\n<p class=\"has-large-font-size\"><strong><strong><mark style=\"background-color:rgba(0, 0, 0, 0)\" class=\"has-inline-color has-vivid-red-color\">Exkurze pro st\u0159edn\u00ed \u0161koly a gymn\u00e1zia<\/mark><\/strong><\/strong><\/p>\n\n\n\n<p>Zaj\u00edm\u00e1 v\u00e1s v\u00fdzkum a medic\u00edna? Nab\u00edz\u00edme <strong>exkurze pro st\u0159edn\u00ed \u0161koly<\/strong> \u2013 nahl\u00e9dn\u011bte do na\u0161ich laborato\u0159\u00ed, klinik i z\u00e1kulis\u00ed modern\u00ed nemocnice.<\/p>\n\n\n\n<p>Co nab\u00edz\u00edme:<\/p>\n\n\n\n<ul><li>Prohl\u00eddku laborato\u0159\u00ed a pracovi\u0161\u0165<\/li><li>Kr\u00e1tk\u00e9 odborn\u00e9 vstupy od v\u00fdzkumn\u00edk\u016f nebo l\u00e9ka\u0159\u016f<\/li><li>P\u0159\u00edle\u017eitost pt\u00e1t se a z\u00edskat inspiraci<\/li><\/ul>\n\n\n\n<h5><strong>Ozv\u011bte se n\u00e1m jako \u0161kola<\/strong> \u2013 spole\u010dn\u011b vymysl\u00edme program na m\u00edru. Kontakt: <a href=\"mailto:akademie.icrc@fnusa.cz\">akademie.icrc@fnusa.cz<\/a><\/h5>\n\n\n\n<p class=\"has-medium-font-size\">Chce\u0161 se zapojit? Sleduj n\u00e1s na<a href=\"https:\/\/www.instagram.com\/icrc_akademie\/\"> soci\u00e1ln\u00edch s\u00edt\u00edch.<\/a><\/p>\n\n\n\n<figure class=\"wp-container-4 wp-block-gallery-3 wp-block-gallery has-nested-images columns-default is-cropped\">\n<figure class=\"wp-block-image size-large\"><img width=\"2560\" height=\"1709\" data-id=\"2705\"  src=\"https:\/\/akademie.fnusa.cz\/wp-content\/uploads\/2025\/06\/DSC6859-1-scaled.jpg\" alt=\"\" class=\"wp-image-2705\" srcset=\"https:\/\/akademie.fnusa.cz\/wp-content\/uploads\/2025\/06\/DSC6859-1-scaled.jpg 2560w, https:\/\/akademie.fnusa.cz\/wp-content\/uploads\/2025\/06\/DSC6859-1-300x200.jpg 300w, https:\/\/akademie.fnusa.cz\/wp-content\/uploads\/2025\/06\/DSC6859-1-1024x684.jpg 1024w, https:\/\/akademie.fnusa.cz\/wp-content\/uploads\/2025\/06\/DSC6859-1-768x513.jpg 768w, https:\/\/akademie.fnusa.cz\/wp-content\/uploads\/2025\/06\/DSC6859-1-1536x1025.jpg 1536w, https:\/\/akademie.fnusa.cz\/wp-content\/uploads\/2025\/06\/DSC6859-1-2048x1367.jpg 2048w, https:\/\/akademie.fnusa.cz\/wp-content\/uploads\/2025\/06\/DSC6859-1-1200x800.jpg 1200w, https:\/\/akademie.fnusa.cz\/wp-content\/uploads\/2025\/06\/DSC6859-1-920x614.jpg 920w, https:\/\/akademie.fnusa.cz\/wp-content\/uploads\/2025\/06\/DSC6859-1-230x154.jpg 230w, https:\/\/akademie.fnusa.cz\/wp-content\/uploads\/2025\/06\/DSC6859-1-350x234.jpg 350w, https:\/\/akademie.fnusa.cz\/wp-content\/uploads\/2025\/06\/DSC6859-1-480x320.jpg 480w\" sizes=\"(max-width: 2560px) 100vw, 2560px\" \/><figcaption>\u00da\u010dastn\u00edci semin\u00e1\u0159e<\/figcaption><\/figure>\n\n\n\n<figure class=\"wp-block-image size-large\"><img loading=\"lazy\" width=\"2560\" height=\"1920\" data-id=\"2694\"  src=\"https:\/\/akademie.fnusa.cz\/wp-content\/uploads\/2025\/06\/Lab-Tour_Umela-inteligence-scaled.jpg\" alt=\"\" class=\"wp-image-2694\" srcset=\"https:\/\/akademie.fnusa.cz\/wp-content\/uploads\/2025\/06\/Lab-Tour_Umela-inteligence-scaled.jpg 2560w, https:\/\/akademie.fnusa.cz\/wp-content\/uploads\/2025\/06\/Lab-Tour_Umela-inteligence-300x225.jpg 300w, https:\/\/akademie.fnusa.cz\/wp-content\/uploads\/2025\/06\/Lab-Tour_Umela-inteligence-1024x768.jpg 1024w, https:\/\/akademie.fnusa.cz\/wp-content\/uploads\/2025\/06\/Lab-Tour_Umela-inteligence-768x576.jpg 768w, https:\/\/akademie.fnusa.cz\/wp-content\/uploads\/2025\/06\/Lab-Tour_Umela-inteligence-1536x1152.jpg 1536w, https:\/\/akademie.fnusa.cz\/wp-content\/uploads\/2025\/06\/Lab-Tour_Umela-inteligence-2048x1536.jpg 2048w, https:\/\/akademie.fnusa.cz\/wp-content\/uploads\/2025\/06\/Lab-Tour_Umela-inteligence-920x690.jpg 920w, https:\/\/akademie.fnusa.cz\/wp-content\/uploads\/2025\/06\/Lab-Tour_Umela-inteligence-230x173.jpg 230w, https:\/\/akademie.fnusa.cz\/wp-content\/uploads\/2025\/06\/Lab-Tour_Umela-inteligence-350x263.jpg 350w, https:\/\/akademie.fnusa.cz\/wp-content\/uploads\/2025\/06\/Lab-Tour_Umela-inteligence-480x360.jpg 480w\" sizes=\"(max-width: 2560px) 100vw, 2560px\" \/><figcaption>Workshop<\/figcaption><\/figure>\n\n\n\n<figure class=\"wp-block-image size-large\"><img loading=\"lazy\" width=\"1313\" height=\"771\" data-id=\"2625\"  src=\"https:\/\/akademie.fnusa.cz\/wp-content\/uploads\/2025\/05\/DSC3457-e1748338299807.jpg\" alt=\"\" class=\"wp-image-2625\" srcset=\"https:\/\/akademie.fnusa.cz\/wp-content\/uploads\/2025\/05\/DSC3457-e1748338299807.jpg 1313w, https:\/\/akademie.fnusa.cz\/wp-content\/uploads\/2025\/05\/DSC3457-e1748338299807-300x176.jpg 300w, https:\/\/akademie.fnusa.cz\/wp-content\/uploads\/2025\/05\/DSC3457-e1748338299807-1024x601.jpg 1024w, https:\/\/akademie.fnusa.cz\/wp-content\/uploads\/2025\/05\/DSC3457-e1748338299807-768x451.jpg 768w, https:\/\/akademie.fnusa.cz\/wp-content\/uploads\/2025\/05\/DSC3457-e1748338299807-920x540.jpg 920w, https:\/\/akademie.fnusa.cz\/wp-content\/uploads\/2025\/05\/DSC3457-e1748338299807-230x135.jpg 230w, https:\/\/akademie.fnusa.cz\/wp-content\/uploads\/2025\/05\/DSC3457-e1748338299807-350x206.jpg 350w, https:\/\/akademie.fnusa.cz\/wp-content\/uploads\/2025\/05\/DSC3457-e1748338299807-480x282.jpg 480w\" sizes=\"(max-width: 1313px) 100vw, 1313px\" \/><figcaption>Hospital Tours<\/figcaption><\/figure>\n<\/figure>\n","protected":false},"excerpt":{"rendered":"<p>Sd\u00edl\u00edme, co um\u00edme. Hled\u00e1me ty, kte\u0159\u00ed cht\u011bj\u00ed r\u016fst. Hled\u00e1me talenty. Mo\u017en\u00e1 pr\u00e1v\u011b tebe. V\u011b\u0159\u00edme, \u017ee budoucnost v\u011bdy a medic\u00edny za\u010d\u00edn\u00e1 u t\u011bch, [&hellip;]<\/p>\n","protected":false},"author":8,"featured_media":0,"parent":0,"menu_order":0,"comment_status":"closed","ping_status":"closed","template":"","meta":{"inline_featured_image":false},"_links":{"self":[{"href":"https:\/\/akademie.fnusa.cz\/index.php?rest_route=\/wp\/v2\/pages\/2690"}],"collection":[{"href":"https:\/\/akademie.fnusa.cz\/index.php?rest_route=\/wp\/v2\/pages"}],"about":[{"href":"https:\/\/akademie.fnusa.cz\/index.php?rest_route=\/wp\/v2\/types\/page"}],"author":[{"embeddable":true,"href":"https:\/\/akademie.fnusa.cz\/index.php?rest_route=\/wp\/v2\/users\/8"}],"replies":[{"embeddable":true,"href":"https:\/\/akademie.fnusa.cz\/index.php?rest_route=%2Fwp%2Fv2%2Fcomments&post=2690"}],"version-history":[{"count":7,"href":"https:\/\/akademie.fnusa.cz\/index.php?rest_route=\/wp\/v2\/pages\/2690\/revisions"}],"predecessor-version":[{"id":2882,"href":"https:\/\/akademie.fnusa.cz\/index.php?rest_route=\/wp\/v2\/pages\/2690\/revisions\/2882"}],"wp:attachment":[{"href":"https:\/\/akademie.fnusa.cz\/index.php?rest_route=%2Fwp%2Fv2%2Fmedia&parent=2690"}],"curies":[{"name":"wp","href":"https:\/\/api.w.org\/{rel}","templated":true}]}}