{"id":2668,"date":"2025-06-13T08:04:08","date_gmt":"2025-06-13T08:04:08","guid":{"rendered":"https:\/\/akademie.fnusa.cz\/?page_id=2668"},"modified":"2025-06-13T08:04:18","modified_gmt":"2025-06-13T08:04:18","slug":"udelej-prvni-krok-k-vyzkumu","status":"publish","type":"page","link":"https:\/\/akademie.fnusa.cz\/?page_id=2668","title":{"rendered":"Ud\u011blej prvn\u00ed krok k v\u00fdzkumu"},"content":{"rendered":"\n<p>Jsme r\u00e1di, \u017ee t\u011b zaj\u00edm\u00e1 st\u00e1\u017e ve <strong>FNUSA-ICRC<\/strong>! Aby v\u0161echno prob\u011bhlo hladce a s co nejlep\u0161\u00edm v\u00fdsledkem pro ob\u011b strany, p\u0159ipravili jsme pro tebe p\u00e1r tip\u016f, jak na to.<\/p>\n\n\n\n<h4>1. Vyber si t\u00fdm, kde chce\u0161 p\u016fsobit<\/h4>\n\n\n\n<p>Ne\u017e n\u00e1m nap\u00ed\u0161e\u0161, <strong>rozmysli si, do jak\u00e9ho t\u00fdmu by ses cht\u011bl\/a zapojit<\/strong>. M\u016f\u017ee\u0161 vyb\u00edrat z t\u011bchto mo\u017enost\u00ed:<\/p>\n\n\n\n<ul><li>Pracovi\u0161t\u011b ve <strong>FNUSA<\/strong> \u2013 <a href=\"https:\/\/www.fnusa.cz\/pro-pacienty-a-navstevy\/pracoviste\/\">Pracovi\u0161t\u011b \u2013 FNUSA<\/a><\/li><li>V\u00fdzkumn\u00e9 t\u00fdmy v r\u00e1mci <strong>ICRC<\/strong> \u2013 <a href=\"https:\/\/www.fnusa-icrc.org\/cs\/vyzkum\/\">V\u00fdzkum &#8211; ICRC &#8211; International Clinical Research Center<\/a><\/li><\/ul>\n\n\n\n<p>U ka\u017ed\u00e9ho t\u00fdmu najde\u0161 informace o jeho zam\u011b\u0159en\u00ed, publikace i \u010dleny t\u00fdmu.<\/p>\n\n\n\n<h4>2. P\u0159iprav si \u017eivotopis a motiva\u010dn\u00ed dopis<\/h4>\n\n\n\n<ul><li><strong>CV a motiva\u010dn\u00ed dopis p\u0159izp\u016fsob konkr\u00e9tn\u00edmu t\u00fdmu.<\/strong><\/li><li>Motiva\u010dn\u00ed dopis adresuj p\u0159\u00edmo vedouc\u00edmu t\u00fdmu.<\/li><li>Pokud t\u011b zaj\u00edm\u00e1 v\u00edc t\u00fdm\u016f, <strong>klidn\u011b po\u0161li v\u00edc dopis\u016f<\/strong> \u2013 jeden pro ka\u017ed\u00fd t\u00fdm zvl\u00e1\u0161\u0165.<\/li><\/ul>\n\n\n\n<p><strong>N\u00e1\u0161 tip:<\/strong> Jak napsat siln\u00e9 CV, v\u00fdsti\u017en\u00fd motiva\u010dn\u00ed dopis a usp\u011bt u pohovoru se m\u016f\u017ee\u0161 nau\u010dit na na\u0161ich akc\u00edch \u2013 sleduj <strong>Science Talks, p\u0159edn\u00e1\u0161ky a workshopy<\/strong>, kde se tomu pravideln\u011b v\u011bnujeme.<\/p>\n\n\n\n<h4>3. Pojmenuj sv\u00e9 dokumenty p\u0159ehledn\u011b<\/h4>\n\n\n\n<p>Abychom se v tom snadno zorientovali, pojmenuj sv\u00e9 soubory takto:<\/p>\n\n\n\n<ul><li>Prijmeni_Jmeno_CV_NazevTymu.pdf<\/li><li>Prijmeni_Jmeno_MotivacniDopis_NazevTymu.pdf<\/li><\/ul>\n\n\n\n<h4>4. <strong>U\u017e jsi s n\u00e1mi n\u011bkdy spolupracoval\/a? Dej n\u00e1m o sob\u011b v\u011bd\u011bt!<\/strong><strong><\/strong><\/h4>\n\n\n\n<p>P\u0159ednost p\u0159i v\u00fdb\u011bru na st\u00e1\u017e maj\u00ed uchaze\u010di, kte\u0159\u00ed se z\u00fa\u010dastnili na\u0161ich vzd\u011bl\u00e1vac\u00edch aktivit (Science Talks, workshopy, semin\u00e1\u0159e&#8230;). <strong>Nezapome\u0148 to uv\u00e9st ve sv\u00e9m CV.<\/strong><strong><\/strong><\/p>\n\n\n\n<h4>5. V\u0161e po\u0161li na jeden e-mail: &nbsp;<a href=\"mailto:akademie.icrc@fnusa.cz\">akademie.icrc@fnusa.cz<\/a><\/h4>\n\n\n\n<p>T\u011b\u0161\u00edme se na tvoji zpr\u00e1vu a budouc\u00ed spolupr\u00e1ci!<\/p>\n","protected":false},"excerpt":{"rendered":"<p>Jsme r\u00e1di, \u017ee t\u011b zaj\u00edm\u00e1 st\u00e1\u017e ve FNUSA-ICRC! Aby v\u0161echno prob\u011bhlo hladce a s co nejlep\u0161\u00edm v\u00fdsledkem pro ob\u011b strany, p\u0159ipravili jsme [&hellip;]<\/p>\n","protected":false},"author":8,"featured_media":0,"parent":0,"menu_order":0,"comment_status":"closed","ping_status":"closed","template":"","meta":{"inline_featured_image":false},"_links":{"self":[{"href":"https:\/\/akademie.fnusa.cz\/index.php?rest_route=\/wp\/v2\/pages\/2668"}],"collection":[{"href":"https:\/\/akademie.fnusa.cz\/index.php?rest_route=\/wp\/v2\/pages"}],"about":[{"href":"https:\/\/akademie.fnusa.cz\/index.php?rest_route=\/wp\/v2\/types\/page"}],"author":[{"embeddable":true,"href":"https:\/\/akademie.fnusa.cz\/index.php?rest_route=\/wp\/v2\/users\/8"}],"replies":[{"embeddable":true,"href":"https:\/\/akademie.fnusa.cz\/index.php?rest_route=%2Fwp%2Fv2%2Fcomments&post=2668"}],"version-history":[{"count":2,"href":"https:\/\/akademie.fnusa.cz\/index.php?rest_route=\/wp\/v2\/pages\/2668\/revisions"}],"predecessor-version":[{"id":2678,"href":"https:\/\/akademie.fnusa.cz\/index.php?rest_route=\/wp\/v2\/pages\/2668\/revisions\/2678"}],"wp:attachment":[{"href":"https:\/\/akademie.fnusa.cz\/index.php?rest_route=%2Fwp%2Fv2%2Fmedia&parent=2668"}],"curies":[{"name":"wp","href":"https:\/\/api.w.org\/{rel}","templated":true}]}}